{"id":15924,"date":"2021-02-18T13:27:53","date_gmt":"2021-02-18T13:27:53","guid":{"rendered":"https:\/\/campingsingirona.com\/destinos\/"},"modified":"2021-04-21T14:55:41","modified_gmt":"2021-04-21T14:55:41","slug":"sehenswurdigkeiten","status":"publish","type":"page","link":"https:\/\/campingsingirona.com\/de\/sehenswurdigkeiten\/","title":{"rendered":"Destinos"},"content":{"rendered":"\n<div class=\"wp-block-cover cabecera\" style=\"min-height:650px;aspect-ratio:unset;\"><img loading=\"lazy\" decoding=\"async\" width=\"1440\" height=\"616\" class=\"wp-block-cover__image-background wp-image-12276\" alt=\"\" src=\"https:\/\/campingsingirona.com\/wp-content\/uploads\/2021\/02\/destinos.jpg\" data-object-fit=\"cover\" srcset=\"https:\/\/campingsingirona.com\/wp-content\/uploads\/2021\/02\/destinos.jpg 1440w, https:\/\/campingsingirona.com\/wp-content\/uploads\/2021\/02\/destinos-1024x438.jpg 1024w, https:\/\/campingsingirona.com\/wp-content\/uploads\/2021\/02\/destinos-768x329.jpg 768w\" sizes=\"auto, (max-width: 1440px) 100vw, 1440px\" \/><div class=\"wp-block-cover__inner-container is-layout-flow wp-block-cover-is-layout-flow\">\n<h1 class=\"has-text-align-center wp-block-heading\">Sehensw\u00fcrdigkeiten<\/h1>\n\n\n\n<p class=\"has-text-align-center\">Genie\u00dfen Sie an den Str\u00e4nden klarer Buchten der Costa Brava&nbsp; oder auch in den Bergen&nbsp; der Pyren\u00e4en eine Vielfalt an Natur, Kultur und Gastronomie.&nbsp;&nbsp;<\/p>\n<\/div><\/div>\n\n\n\n<div class=\"wp-block-group page-wrapper separador-superior\"><div class=\"wp-block-group__inner-container is-layout-flow wp-block-group-is-layout-flow\">\n<h2 class=\"has-text-align-center wp-block-heading\">Entdecken<\/h2>\n\n\n<ul class=\"tipos-destino lista-iconos\">\n            <li class=\"tipo-destino\">\n                <a href=\"https:\/\/campingsingirona.com\/de\/sehenswurdigkeiten\/weingastronomie\/\">\n                    <img decoding=\"async\" src=\"https:\/\/campingsingirona.com\/wp-content\/uploads\/2021\/02\/wine.svg\" \/>\n                    <h3>Weingastronomie<\/h3>\n                <\/a>\n            <\/li>\n            <li class=\"tipo-destino\">\n                <a href=\"https:\/\/campingsingirona.com\/de\/sehenswurdigkeiten\/familienfreundlich\/\">\n                    <img decoding=\"async\" src=\"https:\/\/campingsingirona.com\/wp-content\/uploads\/2021\/02\/family.svg\" \/>\n                    <h3>Familienfreundlich<\/h3>\n                <\/a>\n            <\/li>\n            <li class=\"tipo-destino\">\n                <a href=\"https:\/\/campingsingirona.com\/de\/sehenswurdigkeiten\/wellnessbereiche\/\">\n                    <img decoding=\"async\" src=\"https:\/\/campingsingirona.com\/wp-content\/uploads\/2021\/02\/wellness.svg\" \/>\n                    <h3>Wellnessbereiche<\/h3>\n                <\/a>\n            <\/li>\n            <li class=\"tipo-destino\">\n                <a href=\"https:\/\/campingsingirona.com\/de\/sehenswurdigkeiten\/sport-abenteuer\/\">\n                    <img decoding=\"async\" src=\"https:\/\/campingsingirona.com\/wp-content\/uploads\/2021\/02\/hiking.svg\" \/>\n                    <h3>Sport und Abenteuer<\/h3>\n                <\/a>\n            <\/li>\n            <li class=\"tipo-destino\">\n                <a href=\"https:\/\/campingsingirona.com\/de\/sehenswurdigkeiten\/kultur\/\">\n                    <img decoding=\"async\" src=\"https:\/\/campingsingirona.com\/wp-content\/uploads\/2021\/02\/culture.svg\" \/>\n                    <h3>Kultur<\/h3>\n                <\/a>\n            <\/li>\n            <li class=\"tipo-destino\">\n                <a href=\"https:\/\/campingsingirona.com\/de\/sehenswurdigkeiten\/natur\/\">\n                    <img decoding=\"async\" src=\"https:\/\/campingsingirona.com\/wp-content\/uploads\/2021\/04\/natura-1-2.svg\" \/>\n                    <h3>Natur<\/h3>\n                <\/a>\n            <\/li>\n            <li class=\"tipo-destino\">\n                <a href=\"https:\/\/campingsingirona.com\/de\/sehenswurdigkeiten\/zugangliche-orte\/\">\n                    <img decoding=\"async\" src=\"https:\/\/campingsingirona.com\/wp-content\/uploads\/2021\/02\/wheelchair.svg\" \/>\n                    <h3>Zug\u00e4ngliche Orte<\/h3>\n                <\/a>\n            <\/li>\n            <li class=\"tipo-destino\">\n                <a href=\"https:\/\/campingsingirona.com\/de\/sehenswurdigkeiten\/haustiere\/\">\n                    <img decoding=\"async\" src=\"https:\/\/campingsingirona.com\/wp-content\/uploads\/2021\/02\/pet.svg\" \/>\n                    <h3>Haustiere<\/h3>\n                <\/a>\n            <\/li><\/ul>\n<\/div><\/div>\n","protected":false},"excerpt":{"rendered":"<p>Entdecken<\/p>\n","protected":false},"author":1,"featured_media":0,"parent":0,"menu_order":0,"comment_status":"closed","ping_status":"closed","template":"","meta":{"_acf_changed":false,"footnotes":""},"class_list":["post-15924","page","type-page","status-publish","hentry"],"acf":[],"_links":{"self":[{"href":"https:\/\/campingsingirona.com\/de\/wp-json\/wp\/v2\/pages\/15924","targetHints":{"allow":["GET"]}}],"collection":[{"href":"https:\/\/campingsingirona.com\/de\/wp-json\/wp\/v2\/pages"}],"about":[{"href":"https:\/\/campingsingirona.com\/de\/wp-json\/wp\/v2\/types\/page"}],"author":[{"embeddable":true,"href":"https:\/\/campingsingirona.com\/de\/wp-json\/wp\/v2\/users\/1"}],"replies":[{"embeddable":true,"href":"https:\/\/campingsingirona.com\/de\/wp-json\/wp\/v2\/comments?post=15924"}],"version-history":[{"count":5,"href":"https:\/\/campingsingirona.com\/de\/wp-json\/wp\/v2\/pages\/15924\/revisions"}],"predecessor-version":[{"id":23193,"href":"https:\/\/campingsingirona.com\/de\/wp-json\/wp\/v2\/pages\/15924\/revisions\/23193"}],"wp:attachment":[{"href":"https:\/\/campingsingirona.com\/de\/wp-json\/wp\/v2\/media?parent=15924"}],"curies":[{"name":"wp","href":"https:\/\/api.w.org\/{rel}","templated":true}]}}