{"id":15905,"date":"2021-02-15T22:45:47","date_gmt":"2021-02-15T22:45:47","guid":{"rendered":"https:\/\/campingsingirona.com\/experiencias\/"},"modified":"2025-01-16T08:46:15","modified_gmt":"2025-01-16T08:46:15","slug":"erfahrungen","status":"publish","type":"page","link":"https:\/\/campingsingirona.com\/de\/erfahrungen\/","title":{"rendered":"Erfahrungen"},"content":{"rendered":"\n<div class=\"wp-block-cover cabecera\" style=\"min-height:650px;aspect-ratio:unset;\"><span aria-hidden=\"true\" class=\"wp-block-cover__background has-background-dim-0 has-background-dim\"><\/span><img loading=\"lazy\" decoding=\"async\" width=\"1920\" height=\"1280\" class=\"wp-block-cover__image-background wp-image-94936\" alt=\"\" src=\"https:\/\/campingsingirona.com\/wp-content\/uploads\/2023\/02\/bike_spain_camping.jpg\" style=\"object-position:50% 81%\" data-object-fit=\"cover\" data-object-position=\"50% 81%\" srcset=\"https:\/\/campingsingirona.com\/wp-content\/uploads\/2023\/02\/bike_spain_camping.jpg 1920w, https:\/\/campingsingirona.com\/wp-content\/uploads\/2023\/02\/bike_spain_camping-1024x683.jpg 1024w, https:\/\/campingsingirona.com\/wp-content\/uploads\/2023\/02\/bike_spain_camping-768x512.jpg 768w, https:\/\/campingsingirona.com\/wp-content\/uploads\/2023\/02\/bike_spain_camping-1536x1024.jpg 1536w\" sizes=\"auto, (max-width: 1920px) 100vw, 1920px\" \/><div class=\"wp-block-cover__inner-container is-layout-flow wp-block-cover-is-layout-flow\">\n<h1 class=\"wp-block-heading has-text-align-center\"><strong>Erfahrunge<\/strong>n<\/h1>\n\n\n\n<p class=\"has-text-align-center\">Mehr als einfach nur Camping! Genie\u00dfen Sie auf den Campingpl\u00e4tzen von Girona unvergessliche Erlebnisse in einer traumhaften Region.<\/p>\n<\/div><\/div>\n\n\n\n<div class=\"wp-block-group page-wrapper separador-superior\"><div class=\"wp-block-group__inner-container is-layout-flow wp-block-group-is-layout-flow\">\n<p class=\"has-text-align-center\">Campen schafft unvergessliche Erinnerungen! Wenn Sie es einmal probiert haben, wollen Sie nichts anderes mehr!&nbsp;Kenntnis und Begeisterung f\u00fcr die Region Girona erm\u00f6glichen Ihnen unvergessliche Momente!&nbsp;Die Region erwartet Sie mit einer Vielzahl an Erlebnissen aus unterschiedlichsten Perspektiven.<\/p>\n\n\n\n<div style=\"height:12px\" aria-hidden=\"true\" class=\"wp-block-spacer\"><\/div>\n\n\n\n<p class=\"has-text-align-center\">Genie\u00dfen Sie auf den Campingpl\u00e4tzen an der Costa Brava und in den Pyren\u00e4en Erlebnisse genau nach Ihrem Geschmack in einer Region voller \u00dcberraschungen.<\/p>\n<\/div><\/div>\n\n\n<style type=\"text\/css\">\n.wp-block-experiencias{max-width:1332px;padding-left:50px;padding-right:50px;margin-left:auto;margin-right:auto}.wp-block-experiencias .experiencias::after{visibility:hidden;display:block;content:\"\";clear:both;height:0}.wp-block-experiencias .experiencias .experiencia{position:relative}.wp-block-experiencias .experiencias .experiencia img{width:64px;height:64px;display:block;margin-bottom:15px}.wp-block-experiencias .experiencias .experiencia h2{color:#fff;font-size:20px;line-height:24px;text-shadow:0 4px 4px rgba(0,0,0,0.25);font-family:'Montserrat',sans-serif;font-weight:700}.wp-block-experiencias .experiencias .experiencia .veil{position:absolute;top:0;left:0;right:0;bottom:0;opacity:.2;transition:opacity .3s}.wp-block-experiencias .experiencias .experiencia .content{position:relative;z-index:2;display:flex;flex-direction:column;align-items:center}.wp-block-experiencias .experiencias .experiencia span{display:flex;align-items:center;justify-content:center;text-decoration:none;background-size:cover;background-repeat:repeat;background-position:center center;position:absolute;top:0;left:0;right:0;bottom:0;margin:8px}.wp-block-experiencias .experiencias .experiencia span:hover .veil{opacity:1}.wp-block-experiencias .experiencias .experiencia.experiencia-1{width:50%;float:left;padding-bottom:30%}.wp-block-experiencias .experiencias .experiencia.experiencia-2,.wp-block-experiencias .experiencias .experiencia.experiencia-3{width:50%;float:right;padding-bottom:19%}.wp-block-experiencias .experiencias .experiencia.experiencia-4,.wp-block-experiencias .experiencias .experiencia.experiencia-5{width:25%;float:left;padding-bottom:33%}.wp-block-experiencias .experiencias .experiencia.experiencia-6,.wp-block-experiencias .experiencias .experiencia.experiencia-7{width:25%;float:right;padding-bottom:25%}.wp-block-experiencias .experiencias .experiencia.experiencia-8{clear:both}.wp-block-experiencias .experiencias .experiencia.experiencia-8,.wp-block-experiencias .experiencias .experiencia.experiencia-9,.wp-block-experiencias .experiencias .experiencia.experiencia-10,.wp-block-experiencias .experiencias .experiencia.experiencia-11{width:25%;float:left;padding-bottom:25%}\n<\/style>\n<div id=\"experiencias-block_74ce0f301eb58ea258656bae3c4092cc\" class=\"wp-block-group wp-block-experiencias separador-superior page-wrapper\">\n        <div class=\"experiencias \">\n                <div class=\"experiencia experiencia-1\">\n            <a href=\"https:\/\/campingsingirona.com\/de\/erfahrungen\/green-life\/\" style=\"background-image:url(https:\/\/campingsingirona.com\/wp-content\/uploads\/2023\/08\/GreenLife.webp)\">\n                <div class=\"veil\" style=\"background-color:#55af39\"><\/div>\n                <div class=\"content\">\n                    <img decoding=\"async\" src=\"https:\/\/campingsingirona.com\/wp-content\/uploads\/2023\/08\/GreenLife.svg\" \/>\n                    <h2>Green Life<\/h2>\n                <\/div>\n            <\/a>\n        <\/div>\n                <div class=\"experiencia experiencia-2\">\n            <a href=\"https:\/\/campingsingirona.com\/de\/erfahrungen\/pet-friendly\/\" style=\"background-image:url(https:\/\/campingsingirona.com\/wp-content\/uploads\/2021\/04\/pauline-loroy-U3aF7hgUSrk-unsplash-1-scaled.jpg)\">\n                <div class=\"veil\" style=\"background-color:#ffd600\"><\/div>\n                <div class=\"content\">\n                    <img decoding=\"async\" src=\"https:\/\/campingsingirona.com\/wp-content\/uploads\/2021\/02\/pet.svg\" \/>\n                    <h2>Pet Friendly<\/h2>\n                <\/div>\n            <\/a>\n        <\/div>\n                <div class=\"experiencia experiencia-3\">\n            <a href=\"https:\/\/campingsingirona.com\/de\/erfahrungen\/wellness\/\" style=\"background-image:url(https:\/\/campingsingirona.com\/wp-content\/uploads\/2021\/05\/LEscala.-Javi-Cabrera.-Arxiu-Imatges-PTCBG-2.jpg)\">\n                <div class=\"veil\" style=\"background-color:#006a9e\"><\/div>\n                <div class=\"content\">\n                    <img decoding=\"async\" src=\"https:\/\/campingsingirona.com\/wp-content\/uploads\/2021\/02\/wellness.svg\" \/>\n                    <h2>Wellness<\/h2>\n                <\/div>\n            <\/a>\n        <\/div>\n                <div class=\"experiencia experiencia-4\">\n            <a href=\"https:\/\/campingsingirona.com\/de\/erfahrungen\/vinicultural\/\" style=\"background-image:url(https:\/\/campingsingirona.com\/wp-content\/uploads\/2021\/02\/wine.jpg)\">\n                <div class=\"veil\" style=\"background-color:#7f0541\"><\/div>\n                <div class=\"content\">\n                    <img decoding=\"async\" src=\"https:\/\/campingsingirona.com\/wp-content\/uploads\/2021\/02\/wine.svg\" \/>\n                    <h2>Land of Wines<\/h2>\n                <\/div>\n            <\/a>\n        <\/div>\n                <div class=\"experiencia experiencia-5\">\n            <a href=\"https:\/\/campingsingirona.com\/de\/erfahrungen\/pure-camping\/\" style=\"background-image:url(https:\/\/campingsingirona.com\/wp-content\/uploads\/2024\/11\/Pure_Camping.jpg)\">\n                <div class=\"veil\" style=\"background-color:#f19308\"><\/div>\n                <div class=\"content\">\n                    <img decoding=\"async\" src=\"https:\/\/campingsingirona.com\/wp-content\/uploads\/2024\/11\/Pure-Camping-Sello-.svg\" \/>\n                    <h2>Pure Camping<\/h2>\n                <\/div>\n            <\/a>\n        <\/div>\n                <div class=\"experiencia experiencia-6\">\n            <a href=\"https:\/\/campingsingirona.com\/de\/erfahrungen\/bed-bike\/\" style=\"background-image:url(https:\/\/campingsingirona.com\/wp-content\/uploads\/2021\/04\/02-1-scaled.jpg)\">\n                <div class=\"veil\" style=\"background-color:#afca0b\"><\/div>\n                <div class=\"content\">\n                    <img decoding=\"async\" src=\"https:\/\/campingsingirona.com\/wp-content\/uploads\/2021\/02\/bike.svg\" \/>\n                    <h2>Bed&#038;Bike<\/h2>\n                <\/div>\n            <\/a>\n        <\/div>\n                <div class=\"experiencia experiencia-7\">\n            <a href=\"https:\/\/campingsingirona.com\/de\/erfahrungen\/wheelchair-friendly\/\" style=\"background-image:url(https:\/\/campingsingirona.com\/wp-content\/uploads\/2021\/04\/Banner_pet-1-01-1.jpg)\">\n                <div class=\"veil\" style=\"background-color:#e40521\"><\/div>\n                <div class=\"content\">\n                    <img decoding=\"async\" src=\"https:\/\/campingsingirona.com\/wp-content\/uploads\/2021\/02\/wheelchair.svg\" \/>\n                    <h2>Wheelchair Friendly<\/h2>\n                <\/div>\n            <\/a>\n        <\/div>\n                <div class=\"experiencia experiencia-8\">\n            <a href=\"https:\/\/campingsingirona.com\/de\/erfahrungen\/family-friendly\/\" style=\"background-image:url(https:\/\/campingsingirona.com\/wp-content\/uploads\/2021\/04\/Banner_family-1.jpg)\">\n                <div class=\"veil\" style=\"background-color:#e6007e\"><\/div>\n                <div class=\"content\">\n                    <img decoding=\"async\" src=\"https:\/\/campingsingirona.com\/wp-content\/uploads\/2023\/08\/Kids-Fun.svg\" \/>\n                    <h2>Kids &#038; Fun<\/h2>\n                <\/div>\n            <\/a>\n        <\/div>\n                <div class=\"experiencia experiencia-9\">\n            <a href=\"https:\/\/campingsingirona.com\/de\/erfahrungen\/glamping\/\" style=\"background-image:url(https:\/\/campingsingirona.com\/wp-content\/uploads\/2021\/04\/Banner_Glamping-1.jpg)\">\n                <div class=\"veil\" style=\"background-color:#b38d42\"><\/div>\n                <div class=\"content\">\n                    <img decoding=\"async\" src=\"https:\/\/campingsingirona.com\/wp-content\/uploads\/2021\/02\/glamping.svg\" \/>\n                    <h2>Glamping<\/h2>\n                <\/div>\n            <\/a>\n        <\/div>\n                <div class=\"experiencia experiencia-10\">\n            <a href=\"https:\/\/campingsingirona.com\/de\/erfahrungen\/sports\/\" style=\"background-image:url(https:\/\/campingsingirona.com\/wp-content\/uploads\/2023\/08\/Sports.webp)\">\n                <div class=\"veil\" style=\"background-color:#005437\"><\/div>\n                <div class=\"content\">\n                    <img decoding=\"async\" src=\"https:\/\/campingsingirona.com\/wp-content\/uploads\/2023\/08\/Sports.svg\" \/>\n                    <h2>Sports<\/h2>\n                <\/div>\n            <\/a>\n        <\/div>\n                <div class=\"experiencia experiencia-11\">\n            <a href=\"https:\/\/campingsingirona.com\/de\/erfahrungen\/campgo\/\" style=\"background-image:url(https:\/\/campingsingirona.com\/wp-content\/uploads\/2021\/05\/Camp-go-copia.svg)\">\n                <div class=\"veil\" style=\"background-color:#14d2e0\"><\/div>\n                <div class=\"content\">\n                    <img decoding=\"async\" src=\"https:\/\/campingsingirona.com\/wp-content\/uploads\/2021\/05\/Camp-go-copia.svg\" \/>\n                    <h2>Camp&#038;Go<\/h2>\n                <\/div>\n            <\/a>\n        <\/div>\n                <div class=\"experiencia experiencia-12\">\n            <a href=\"https:\/\/campingsingirona.com\/de\/erfahrungen\/open-365\/\" style=\"background-image:url(https:\/\/campingsingirona.com\/wp-content\/uploads\/2021\/10\/Open-365.svg)\">\n                <div class=\"veil\" style=\"background-color:#14d2e0\"><\/div>\n                <div class=\"content\">\n                    <img decoding=\"async\" src=\"https:\/\/campingsingirona.com\/wp-content\/uploads\/2021\/10\/Open-365.svg\" \/>\n                    <h2>Open 365<\/h2>\n                <\/div>\n            <\/a>\n        <\/div>\n            <\/div>\n    <\/div>\n\n\n<div class=\"wp-block-group page-wrapper\"><div class=\"wp-block-group__inner-container is-layout-flow wp-block-group-is-layout-flow\">\n<div class=\"wp-block-columns special-experiences is-layout-flex wp-container-core-columns-is-layout-9d6595d7 wp-block-columns-is-layout-flex\">\n<div class=\"wp-block-column is-layout-flow wp-block-column-is-layout-flow\"><div id=\"campgo-block_017eef384f308f945134bf3badbd8c55\" class=\"wp-block-group wp-block-campgo\" style=\"background-image:url(https:\/\/campingsingirona.com\/wp-content\/uploads\/2021\/04\/vasilios-muselimis-tKnWdagXQLE-unsplash-3-scaled.jpg)\">\n    <a href=\"https:\/\/campingsingirona.com\/de\/experiencias\/campgo\/\">\n        <div class=\"content\">\n            <div class=\"logo\"><\/div>\n            <p>Camp &#038; Go<\/p>\n        <\/div>\n    <\/a>\n<\/div><\/div>\n\n\n\n<div class=\"wp-block-column is-layout-flow wp-block-column-is-layout-flow\"><div id=\"open365-block_d484203d202924a47bf26939796e02f8\" class=\"wp-block-group wp-block-open365\" style=\"background-image:url(https:\/\/campingsingirona.com\/wp-content\/uploads\/2021\/10\/open365.png)\">\n    <a href=\" https:\/\/campingsingirona.com\/de\/erfahrungem\/open-365\/\">\n        <div class=\"content\">\n            <div class=\"logo\"><\/div>\n            <p>Open 365<\/p>\n        <\/div>\n    <\/a>\n<\/div><\/div>\n<\/div>\n<\/div><\/div>\n\n\n\n<div style=\"height:50px\" aria-hidden=\"true\" class=\"wp-block-spacer\"><\/div>\n","protected":false},"excerpt":{"rendered":"<p>Campen schafft unvergessliche Erinnerungen! Wenn Sie es einmal probiert haben, wollen Sie nichts anderes mehr!&nbsp;Kenntnis und Begeisterung f\u00fcr die Region Girona erm\u00f6glichen Ihnen unvergessliche Momente!&nbsp;Die Region erwartet Sie mit einer Vielzahl an Erlebnissen aus unterschiedlichsten Perspektiven. Genie\u00dfen Sie auf den Campingpl\u00e4tzen an der Costa Brava und in den Pyren\u00e4en Erlebnisse genau nach Ihrem Geschmack in [&hellip;]<\/p>\n","protected":false},"author":1,"featured_media":0,"parent":0,"menu_order":0,"comment_status":"closed","ping_status":"closed","template":"","meta":{"_acf_changed":false,"footnotes":""},"class_list":["post-15905","page","type-page","status-publish","hentry"],"acf":[],"_links":{"self":[{"href":"https:\/\/campingsingirona.com\/de\/wp-json\/wp\/v2\/pages\/15905","targetHints":{"allow":["GET"]}}],"collection":[{"href":"https:\/\/campingsingirona.com\/de\/wp-json\/wp\/v2\/pages"}],"about":[{"href":"https:\/\/campingsingirona.com\/de\/wp-json\/wp\/v2\/types\/page"}],"author":[{"embeddable":true,"href":"https:\/\/campingsingirona.com\/de\/wp-json\/wp\/v2\/users\/1"}],"replies":[{"embeddable":true,"href":"https:\/\/campingsingirona.com\/de\/wp-json\/wp\/v2\/comments?post=15905"}],"version-history":[{"count":5,"href":"https:\/\/campingsingirona.com\/de\/wp-json\/wp\/v2\/pages\/15905\/revisions"}],"predecessor-version":[{"id":121730,"href":"https:\/\/campingsingirona.com\/de\/wp-json\/wp\/v2\/pages\/15905\/revisions\/121730"}],"wp:attachment":[{"href":"https:\/\/campingsingirona.com\/de\/wp-json\/wp\/v2\/media?parent=15905"}],"curies":[{"name":"wp","href":"https:\/\/api.w.org\/{rel}","templated":true}]}}