{"id":118540,"date":"2024-12-19T11:31:04","date_gmt":"2024-12-19T11:31:04","guid":{"rendered":"https:\/\/campingsingirona.com\/?page_id=118540"},"modified":"2024-12-19T12:08:15","modified_gmt":"2024-12-19T12:08:15","slug":"pure-camping","status":"publish","type":"page","link":"https:\/\/campingsingirona.com\/de\/erfahrungen\/pure-camping\/","title":{"rendered":"Pure Camping"},"content":{"rendered":"\n<h2 class=\"wp-block-heading\">Das traditionelle, authentische Vergn\u00fcgen des Campings.<\/h2>\n\n\n\n<p>Diese Campingpl\u00e4tze bewahren mit Hingabe die traditionellsten Aspekte des Campings und legen besonderen Wert auf die Stellpl\u00e4tze und alle Dienstleistungen, die f\u00fcr einen komfortablen und authentischen Aufenthalt notwendig sind. Mit einer begrenzten Kapazit\u00e4t, um Privatsph\u00e4re und Ruhe zu gew\u00e4hrleisten, richten sich die Pure Camping-Campingpl\u00e4tze nach den Werten des langsamen Tourismus und bewahren die Essenz des authentischen Campings. Hier wird auf jedes Detail geachtet, um ein entspanntes und ruhiges Erlebnis zu f\u00f6rdern: Ruhezonen mit Sofas im Freien und Lesepl\u00e4tze laden dazu ein, innezuhalten und jeden Moment zu genie\u00dfen. Dar\u00fcber hinaus setzt das Label Pure Camping auf eine lokale, gesunde und nachhaltige K\u00fcche, die es Ihnen erm\u00f6glicht, die Aromen des Landes in Ruhe und authentisch zu genie\u00dfen.<\/p>\n","protected":false},"excerpt":{"rendered":"<p>Das traditionelle, authentische Vergn\u00fcgen des Campings. Diese Campingpl\u00e4tze bewahren mit Hingabe die traditionellsten Aspekte des Campings und legen besonderen Wert auf die Stellpl\u00e4tze und alle Dienstleistungen, die f\u00fcr einen komfortablen und authentischen Aufenthalt notwendig sind. Mit einer begrenzten Kapazit\u00e4t, um Privatsph\u00e4re und Ruhe zu gew\u00e4hrleisten, richten sich die Pure Camping-Campingpl\u00e4tze nach den Werten des langsamen [&hellip;]<\/p>\n","protected":false},"author":1,"featured_media":117807,"parent":15905,"menu_order":0,"comment_status":"closed","ping_status":"closed","template":"template-experiencia.php","meta":{"_acf_changed":false,"footnotes":""},"class_list":["post-118540","page","type-page","status-publish","has-post-thumbnail","hentry"],"acf":[],"_links":{"self":[{"href":"https:\/\/campingsingirona.com\/de\/wp-json\/wp\/v2\/pages\/118540","targetHints":{"allow":["GET"]}}],"collection":[{"href":"https:\/\/campingsingirona.com\/de\/wp-json\/wp\/v2\/pages"}],"about":[{"href":"https:\/\/campingsingirona.com\/de\/wp-json\/wp\/v2\/types\/page"}],"author":[{"embeddable":true,"href":"https:\/\/campingsingirona.com\/de\/wp-json\/wp\/v2\/users\/1"}],"replies":[{"embeddable":true,"href":"https:\/\/campingsingirona.com\/de\/wp-json\/wp\/v2\/comments?post=118540"}],"version-history":[{"count":3,"href":"https:\/\/campingsingirona.com\/de\/wp-json\/wp\/v2\/pages\/118540\/revisions"}],"predecessor-version":[{"id":119741,"href":"https:\/\/campingsingirona.com\/de\/wp-json\/wp\/v2\/pages\/118540\/revisions\/119741"}],"up":[{"embeddable":true,"href":"https:\/\/campingsingirona.com\/de\/wp-json\/wp\/v2\/pages\/15905"}],"wp:featuredmedia":[{"embeddable":true,"href":"https:\/\/campingsingirona.com\/de\/wp-json\/wp\/v2\/media\/117807"}],"wp:attachment":[{"href":"https:\/\/campingsingirona.com\/de\/wp-json\/wp\/v2\/media?parent=118540"}],"curies":[{"name":"wp","href":"https:\/\/api.w.org\/{rel}","templated":true}]}}