{"id":103781,"date":"2023-08-03T10:51:50","date_gmt":"2023-08-03T10:51:50","guid":{"rendered":"https:\/\/campingsingirona.com\/?page_id=103781"},"modified":"2023-08-03T10:51:52","modified_gmt":"2023-08-03T10:51:52","slug":"green-life","status":"publish","type":"page","link":"https:\/\/campingsingirona.com\/de\/erfahrungen\/green-life\/","title":{"rendered":"Green Life"},"content":{"rendered":"\n<h2 class=\"wp-block-heading\">Ein direkter Einfluss auf die nat\u00fcrliche Umwelt<\/h2>\n\n\n\n<p>Die Campingpl\u00e4tze an der Costa Brava und in den Pyren\u00e4en von Girona setzen sich daf\u00fcr ein, dass immer mehr Campingpl\u00e4tze umweltbewusst sind und ihre Zahl steigt.<\/p>\n\n\n\n<p>Um als Green Life-Campingplatz zu gelten, achten wir auf die effiziente Nutzung nat\u00fcrlicher Ressourcen wie Wasser und Energie. Viele Campingpl\u00e4tze setzen Technologien ein, um Regenwasser aufzufangen und zu nutzen, sowie erneuerbare Energiequellen, um ihre Einrichtungen zu betreiben.<\/p>\n\n\n\n<p>Zus\u00e4tzlich zu den internen Praktiken f\u00f6rdern die Campingpl\u00e4tze das Umweltbewusstsein ihrer Besucher. Es werden Aufkl\u00e4rungskampagnen und Informationsprogramme durchgef\u00fchrt, um die Bedeutung eines respektvollen Umgangs mit der Natur und eines verantwortungsvollen Tourismus hervorzuheben, und die Nutzer werden zum Recycling und zum verantwortungsvollen Umgang mit den Ressourcen angehalten. Dar\u00fcber hinaus werden Aktivit\u00e4ten zur Beobachtung der einheimischen Flora und Fauna und zur F\u00f6rderung der Nutzung von Fahrr\u00e4dern, Motorr\u00e4dern und Elektroautos gef\u00f6rdert, um die Verbindung zwischen Touristen und der Natur vor Ort zu st\u00e4rken.<\/p>\n\n\n\n<p>Die Campingpl\u00e4tze an der Costa Brava spielen eine wichtige Rolle bei der Erhaltung der Umwelt und der F\u00f6rderung der Nachhaltigkeit. Sie arbeiten daran, dass dieses Gebiet auch f\u00fcr zuk\u00fcnftige Generationen ein attraktives Reiseziel bleibt.<\/p>\n\n\n\n<p>Wenn Ihnen die Umwelt genauso am Herzen liegt wie uns und Sie einen verantwortungsvollen Urlaub verbringen m\u00f6chten, suchen Sie sich einen Campingplatz in Girona mit dem Green Life-Siegel!<\/p>\n","protected":false},"excerpt":{"rendered":"<p>Ein direkter Einfluss auf die nat\u00fcrliche Umwelt Die Campingpl\u00e4tze an der Costa Brava und in den Pyren\u00e4en von Girona setzen sich daf\u00fcr ein, dass immer mehr Campingpl\u00e4tze umweltbewusst sind und ihre Zahl steigt. Um als Green Life-Campingplatz zu gelten, achten wir auf die effiziente Nutzung nat\u00fcrlicher Ressourcen wie Wasser und Energie. Viele Campingpl\u00e4tze setzen Technologien [&hellip;]<\/p>\n","protected":false},"author":1,"featured_media":103765,"parent":15905,"menu_order":0,"comment_status":"closed","ping_status":"closed","template":"template-experiencia.php","meta":{"_acf_changed":false,"footnotes":""},"class_list":["post-103781","page","type-page","status-publish","has-post-thumbnail","hentry"],"acf":[],"_links":{"self":[{"href":"https:\/\/campingsingirona.com\/de\/wp-json\/wp\/v2\/pages\/103781","targetHints":{"allow":["GET"]}}],"collection":[{"href":"https:\/\/campingsingirona.com\/de\/wp-json\/wp\/v2\/pages"}],"about":[{"href":"https:\/\/campingsingirona.com\/de\/wp-json\/wp\/v2\/types\/page"}],"author":[{"embeddable":true,"href":"https:\/\/campingsingirona.com\/de\/wp-json\/wp\/v2\/users\/1"}],"replies":[{"embeddable":true,"href":"https:\/\/campingsingirona.com\/de\/wp-json\/wp\/v2\/comments?post=103781"}],"version-history":[{"count":5,"href":"https:\/\/campingsingirona.com\/de\/wp-json\/wp\/v2\/pages\/103781\/revisions"}],"predecessor-version":[{"id":103876,"href":"https:\/\/campingsingirona.com\/de\/wp-json\/wp\/v2\/pages\/103781\/revisions\/103876"}],"up":[{"embeddable":true,"href":"https:\/\/campingsingirona.com\/de\/wp-json\/wp\/v2\/pages\/15905"}],"wp:featuredmedia":[{"embeddable":true,"href":"https:\/\/campingsingirona.com\/de\/wp-json\/wp\/v2\/media\/103765"}],"wp:attachment":[{"href":"https:\/\/campingsingirona.com\/de\/wp-json\/wp\/v2\/media?parent=103781"}],"curies":[{"name":"wp","href":"https:\/\/api.w.org\/{rel}","templated":true}]}}