{"id":7301,"date":"2021-02-10T23:35:55","date_gmt":"2021-02-10T23:35:55","guid":{"rendered":"https:\/\/campingsingirona.com\/?page_id=7301"},"modified":"2026-02-10T16:08:57","modified_gmt":"2026-02-10T16:08:57","slug":"home","status":"publish","type":"page","link":"https:\/\/campingsingirona.com\/ca\/","title":{"rendered":"Home"},"content":{"rendered":"\n<div class=\"wp-block-cover cabecera con-scroll\"><img loading=\"lazy\" decoding=\"async\" width=\"1440\" height=\"864\" class=\"wp-block-cover__image-background wp-image-12544\" alt=\"\" src=\"https:\/\/campingsingirona.com\/wp-content\/uploads\/2021\/03\/home.jpg\" data-object-fit=\"cover\" srcset=\"https:\/\/campingsingirona.com\/wp-content\/uploads\/2021\/03\/home.jpg 1440w, https:\/\/campingsingirona.com\/wp-content\/uploads\/2021\/03\/home-1024x614.jpg 1024w, https:\/\/campingsingirona.com\/wp-content\/uploads\/2021\/03\/home-768x461.jpg 768w\" sizes=\"auto, (max-width: 1440px) 100vw, 1440px\" \/><span aria-hidden=\"true\" class=\"wp-block-cover__background has-background-dim-0 has-background-dim\"><\/span><div class=\"wp-block-cover__inner-container is-layout-flow wp-block-cover-is-layout-flow\">\n<h1 class=\"wp-block-heading has-text-align-center\">Descobreix els c\u00e0mpings de la Costa Brava i els Pirineus<\/h1>\n\n\n<div id=\"botones-block_136c3bc7d9021c4c7da5b1742130ac91\" class=\"wp-block-group wp-block-botones\">\n        <ul class=\"botones\">\n                <li>\n            <a href=\"https:\/\/campingsingirona.com\/ca\/experiencies\/\" class=\"boton boton1\">\n                Viu experi\u00e8ncies            <\/a>\n        <\/li>\n                <li>\n            <a href=\"https:\/\/campingsingirona.com\/ca\/punts-interes\/\" class=\"boton boton2\">\n                Coneix la destinaci\u00f3            <\/a>\n        <\/li>\n                <li>\n            <a href=\"https:\/\/campingsingirona.com\/ca\/campings\/\" class=\"boton boton3\">\n                Descobreix els c\u00e0mpings            <\/a>\n        <\/li>\n            <\/ul>\n    <\/div><\/div><\/div>\n\n\n\n<div class=\"wp-block-group page-wrapper separador-superior\"><div class=\"wp-block-group__inner-container is-layout-flow wp-block-group-is-layout-flow\">\n<h2 class=\"wp-block-heading has-text-align-center\">Per qu\u00e8 anar als <br> C\u00e0mpings de Girona?<\/h2>\n\n\n\n<p class=\"has-text-align-center separador-superior\">Els C\u00e0mpings de Girona s\u00f3n la millor opci\u00f3 de viatge per descobrir la Costa Brava i els Pirineus.<br> Ofereixen tota mena d&#8217;allotjaments en ple contacte amb la natura i un territori amb infinites possibilitats<\/p>\n<\/div><\/div>\n\n\n<style type=\"text\/css\">\n\n<\/style>\n<div id=\"mapa-block_9cbbf5271055967473830c567b9a11af\" class=\"wp-block-group wp-block-mapa separador-inferior page-wrapper\">\n    <div class=\"mapa\">\n        <img decoding=\"async\" src=\"https:\/\/campingsingirona.com\/wp-content\/uploads\/2021\/03\/mapa.svg\" class=\"desktop\" \/>\n        <img decoding=\"async\" src=\"https:\/\/campingsingirona.com\/wp-content\/uploads\/2021\/04\/mapa-mobile.svg\" class=\"mobile\" \/>\n        <ul class=\"bolas\">\n                <li class=\"bola bola-0\">\n            <div class=\"titulo\">\n                <h2>Natura<\/h2>\n                <img decoding=\"async\" src=\"https:\/\/campingsingirona.com\/wp-content\/uploads\/2021\/03\/naturaleza.jpg\" \/>\n            <\/div>\n            <div class=\"html\">\n                <span><b>Terra de 1.000 paisatges.<\/b> <br> Platges i cales d&#8217;aig\u00fces cristal\u00b7lines protegides per rocosos penya-segats, planes, boscos i altes muntanyes formen part d&#8217;un territori de gran inter\u00e8s natural.<\/span>\n            <\/div>\n        <\/li>\n                <li class=\"bola bola-1\">\n            <div class=\"titulo\">\n                <h2>Muntanya<\/h2>\n                <img decoding=\"async\" src=\"https:\/\/campingsingirona.com\/wp-content\/uploads\/2021\/03\/montana.jpg\" \/>\n            <\/div>\n            <div class=\"html\">\n                <span>Els Pirineus, un indret m\u00e0gic de grans muntanyes i precioses valls on gaudir d&#8217;activitats a l&#8217;aire lliure i esports de muntanya com l&#8217;esqu\u00ed, el senderisme, la BTT i molt m\u00e9s!<\/span>\n            <\/div>\n        <\/li>\n                <li class=\"bola bola-2\">\n            <div class=\"titulo\">\n                <h2>Pobles<\/h2>\n                <img decoding=\"async\" src=\"https:\/\/campingsingirona.com\/wp-content\/uploads\/2021\/03\/pueblos.jpg\" \/>\n            <\/div>\n            <div class=\"html\">\n                <span>Descobreix pobles amb encant, viles medievals i ciutats amb hist\u00f2ria. Viatjar de poble en poble \u00e9s la millor manera de con\u00e8ixer l&#8217;autenticitat del territori i el car\u00e0cter obert de la seva gent.<\/span>\n            <\/div>\n        <\/li>\n                <li class=\"bola bola-3\">\n            <div class=\"titulo\">\n                <h2>Cultura<\/h2>\n                <img decoding=\"async\" src=\"https:\/\/campingsingirona.com\/wp-content\/uploads\/2021\/03\/cultura.jpg\" \/>\n            <\/div>\n            <div class=\"html\">\n                <span>Endinsa&#8217;t a la cultura d&#8217;un territori nodrit pel pas de nombroses civilitzacions, inspiraci\u00f3 de grans artistes i tradicions que encara perduren gr\u00e0cies al car\u00e0cter dels habitants de la zona.<\/span>\n            <\/div>\n        <\/li>\n                <li class=\"bola bola-4\">\n            <div class=\"titulo\">\n                <h2>Mar<\/h2>\n                <img decoding=\"async\" src=\"https:\/\/campingsingirona.com\/wp-content\/uploads\/2021\/03\/mar.jpg\" \/>\n            <\/div>\n            <div class=\"html\">\n                <span>La Costa Brava, un petit tresor del litoral catal\u00e0 on viure l&#8217;ess\u00e8ncia mediterr\u00e0nia en estat pur gr\u00e0cies a les id\u00edl\u00b7liques platges i cales d&#8217;aig\u00fces transparents i turqueses.<\/span>\n            <\/div>\n        <\/li>\n                <li class=\"bola bola-5\">\n            <div class=\"titulo\">\n                <h2>Gastronomia<\/h2>\n                <img decoding=\"async\" src=\"https:\/\/campingsingirona.com\/wp-content\/uploads\/2021\/03\/gastronomia.jpg\" \/>\n            <\/div>\n            <div class=\"html\">\n                <span>Gaudeix de la gastronomia i els vins gironins, reconeguts internacionalment pels seus sabors caracter\u00edstics del mar i la muntanya. Prova els productes t\u00edpics de cada zona i descobreix la import\u00e0ncia del producte local.<\/span>\n            <\/div>\n        <\/li>\n                <\/ul>\n    <\/div>\n<\/div>\n\n\n<div style=\"position:relative;padding-bottom:56.25%;height:0;overflow:hidden;\">\n  <iframe id=\"video-camping\" src=\"https:\/\/www.youtube.com\/embed\/XQqxcnYcX04?si=yYm_BbmgmIt79apu\" title=\"YouTube video player\" frameborder=\"0\" allow=\"accelerometer; autoplay; clipboard-write; encrypted-media; gyroscope; picture-in-picture; web-share\" referrerpolicy=\"strict-origin-when-cross-origin\" allowfullscreen style=\"position:absolute;top:0;left:0;width:100%;height:100%;\"><\/iframe>\n<\/div>\n\n\n\n<div class=\"wp-block-group grfolleto is-nowrap is-layout-flex wp-container-core-group-is-layout-64989fb1 wp-block-group-is-layout-flex\">\n<figure class=\"wp-block-image size-full\"><img loading=\"lazy\" decoding=\"async\" width=\"1577\" height=\"1961\" src=\"https:\/\/campingsingirona.com\/wp-content\/uploads\/2025\/01\/Folleto_campingsingirona.jpg\" alt=\"\" class=\"wp-image-121597\" style=\"object-fit:cover\" srcset=\"https:\/\/campingsingirona.com\/wp-content\/uploads\/2025\/01\/Folleto_campingsingirona.jpg 1577w, https:\/\/campingsingirona.com\/wp-content\/uploads\/2025\/01\/Folleto_campingsingirona-823x1024.jpg 823w, https:\/\/campingsingirona.com\/wp-content\/uploads\/2025\/01\/Folleto_campingsingirona-768x955.jpg 768w, https:\/\/campingsingirona.com\/wp-content\/uploads\/2025\/01\/Folleto_campingsingirona-1235x1536.jpg 1235w\" sizes=\"auto, (max-width: 1577px) 100vw, 1577px\" \/><\/figure>\n\n\n\n<div class=\"wp-block-group\"><div class=\"wp-block-group__inner-container is-layout-constrained wp-block-group-is-layout-constrained\">\n<div style=\"height:61px\" aria-hidden=\"true\" class=\"wp-block-spacer\"><\/div>\n\n\n\n<h2 class=\"wp-block-heading\">Descarrega\u2019t el fullet\u00f3 dels \u2028C\u00e0mpings in Girona<\/h2>\n\n\n\n<div style=\"height:29px\" aria-hidden=\"true\" class=\"wp-block-spacer\"><\/div>\n\n\n\n<p>Explora tot el que els c\u00e0mpings de Girona poden oferir-te! Descarrega el fullet\u00f3 i descobreix per qu\u00e8 s\u00f3n l\u2019opci\u00f3 ideal per gaudir de la natura, la llibertat i unes vacances plenes d\u2019aventures i relax en un territori ple d\u2019infinites possibilitats per viure experi\u00e8ncies \u00faniques.<\/p>\n\n\n\n<p class=\"extendedwopts-md-left boton alt\"><a href=\"https:\/\/campingsingirona.com\/wp-content\/uploads\/2025\/01\/Campings-In-Girona-CAT.pdf\" target=\"_blank\" rel=\"noreferrer noopener\">Descarrega\u2019l aqu\u00ed<\/a><\/p>\n<\/div><\/div>\n<\/div>\n\n\n<div id=\"noticias-block_4d4f60e61905f1e2ea88d4c8a409d572\" class=\"wp-block-group wp-block-noticias separador-superior separador-inferior\">\n    <div class=\"page-wrapper\">\n        <div class=\"cabecera-contenido\">\n            <h2>Inspira&#8217;t<\/h2>\n        <\/div>\n        <div class=\"descripcion-bloque-noticias html\">\n            <p>Benvingut al blog Inspira&#8217;t, un rac\u00f3 amb idees originals per a les teves vacances a la Costa Brava i als Pirineus. Troba les millors propostes per a fer escapades al territori, consells de viatge, rutes, excursions, punts d&#8217;inter\u00e8s, experi\u00e8ncies i molt m\u00e9s. T\u2019ho perdr\u00e0s?<\/p>\n        <\/div>\n                <ul class=\"noticias noticias-destacadas\">\n            <li class=\"noticia noticia1 con-thumbnail\"  style=\"background-image:url(https:\/\/campingsingirona.com\/wp-content\/uploads\/2024\/05\/Camping-nens.jpg)\" >\n    <a href=\"https:\/\/campingsingirona.com\/ca\/2024\/05\/regala-als-teus-fills-una-tornada-a-lessencia-de-la-infancia\/\">\n                <div class=\"texto\">\n            <h3>Regala als teus fills una tornada a l&#8217;ess\u00e8ncia de la inf\u00e0ncia<\/h3>\n            <div class=\"fecha\">3 de maig de 2024<\/div>\n        <\/div>\n    <\/a>\n<\/li><li class=\"noticia noticia2 con-thumbnail\"  style=\"background-image:url(https:\/\/campingsingirona.com\/wp-content\/uploads\/2024\/05\/20220608_0174-scaled.jpg)\" >\n    <a href=\"https:\/\/campingsingirona.com\/ca\/2024\/05\/recomanacions-i-activitats-per-anar-de-vacances-amb-la-teva-mascota\/\">\n                <div class=\"texto\">\n            <h3>Recomanacions i activitats per anar de vacances amb la teva mascota<\/h3>\n            <div class=\"fecha\">14 de maig de 2024<\/div>\n        <\/div>\n    <\/a>\n<\/li><li class=\"noticia noticia3 con-thumbnail\"  style=\"background-image:url(https:\/\/campingsingirona.com\/wp-content\/uploads\/2024\/07\/Activitats-de-camping.jpg)\" >\n    <a href=\"https:\/\/campingsingirona.com\/ca\/2024\/07\/10-activitats-que-podras-fer-sense-sortir-dels-campings-de-girona\/\">\n                <div class=\"texto\">\n            <h3>10 activitats que podr\u00e0s fer sense sortir dels c\u00e0mpings de Girona\u00a0<\/h3>\n            <div class=\"fecha\">3 de juliol de 2024<\/div>\n        <\/div>\n    <\/a>\n<\/li><li class=\"noticia noticia4 con-thumbnail\"  style=\"background-image:url(https:\/\/campingsingirona.com\/wp-content\/uploads\/2023\/05\/Mas-Oller.-Torrent.-Joan-Divi-Figueras.-Arxiu-Imatges-PTCBG-3.webp)\" >\n    <a href=\"https:\/\/campingsingirona.com\/ca\/2023\/04\/descobrint-els-cellers-do-emporda\/\">\n                <div class=\"texto\">\n            <h3>Descobrint els Cellers DO Empord\u00e0<\/h3>\n            <div class=\"fecha\">28 d&#8217;abril de 2023<\/div>\n        <\/div>\n    <\/a>\n<\/li><li class=\"noticia noticia5 con-thumbnail\"  style=\"background-image:url(https:\/\/campingsingirona.com\/wp-content\/uploads\/2023\/03\/Teatre-Museu-Dali-Figueres.-Josep-Algans.-Arxiu-Imatges-PTCBG.jpg)\" >\n    <a href=\"https:\/\/campingsingirona.com\/ca\/2023\/03\/el-teatre-museu-dali-surrealisme\/\">\n                <div class=\"texto\">\n            <h3>El Teatre &#8211; Museu Dal\u00ed, la joia del surrealisme<\/h3>\n            <div class=\"fecha\">23 de mar\u00e7 de 2023<\/div>\n        <\/div>\n    <\/a>\n<\/li><li class=\"noticia noticia6 con-thumbnail\"  style=\"background-image:url(https:\/\/campingsingirona.com\/wp-content\/uploads\/2023\/03\/PG-83.jpeg)\" >\n    <a href=\"https:\/\/campingsingirona.com\/ca\/2023\/01\/que-fer-a-la-garrotxa-amb-nens\/\">\n                <div class=\"texto\">\n            <h3>Qu\u00e8 fer a La Garrotxa amb nens<\/h3>\n            <div class=\"fecha\">27 de gener de 2023<\/div>\n        <\/div>\n    <\/a>\n<\/li>        <\/ul>\n                <div class=\"ver-mas\">\n            <a class=\"boton alt\" href=\"https:\/\/campingsingirona.com\/ca\/inspirat\/\">Veure m\u00e9s<\/a>\n        <\/div>\n    <\/div>\n<\/div>\n\n\n<div class=\"wp-block-group\"><div class=\"wp-block-group__inner-container is-layout-constrained wp-block-group-is-layout-constrained\">\n<figure class=\"wp-block-image size-full just-desktop full-width\"><a href=\"https:\/\/jobs.campingsingirona.com\/\"><img loading=\"lazy\" decoding=\"async\" width=\"1920\" height=\"260\" src=\"https:\/\/campingsingirona.com\/wp-content\/uploads\/2023\/11\/Banner-web.png\" alt=\"\" class=\"wp-image-108178\" style=\"object-fit:cover\" srcset=\"https:\/\/campingsingirona.com\/wp-content\/uploads\/2023\/11\/Banner-web.png 1920w, https:\/\/campingsingirona.com\/wp-content\/uploads\/2023\/11\/Banner-web-1024x139.png 1024w, https:\/\/campingsingirona.com\/wp-content\/uploads\/2023\/11\/Banner-web-768x104.png 768w, https:\/\/campingsingirona.com\/wp-content\/uploads\/2023\/11\/Banner-web-1536x208.png 1536w\" sizes=\"auto, (max-width: 1920px) 100vw, 1920px\" \/><\/a><\/figure>\n\n\n\n<figure class=\"wp-block-image size-full just-mobile full-width\"><a href=\"https:\/\/jobs.campingsingirona.com\/\"><img loading=\"lazy\" decoding=\"async\" width=\"430\" height=\"280\" src=\"https:\/\/campingsingirona.com\/wp-content\/uploads\/2023\/11\/Banner-movil.png\" alt=\"\" class=\"wp-image-108184\"\/><\/a><\/figure>\n<\/div><\/div>\n\n\n\n<p><\/p>\n\n\n\n<div class=\"wp-block-group page-wrapper\"><div class=\"wp-block-group__inner-container is-layout-flow wp-block-group-is-layout-flow\">\n<div class=\"wp-block-columns separador-superior is-layout-flex wp-container-core-columns-is-layout-9d6595d7 wp-block-columns-is-layout-flex\">\n<div class=\"wp-block-column is-layout-flow wp-block-column-is-layout-flow\"><style type=\"text\/css\">\n\n<\/style>\n<div id=\"logos-block_568fd95de95761b8446916b5b2802d53\" class=\"wp-block-group wp-block-logos\">\n    <h2>Patrocinadors<\/h2>\n        <ul class=\"logos\">\n                <li class=\"logo\">\n                        <a href=\"https:\/\/www.llagosnet.com\/es\/\" style=\"background-image:url(https:\/\/campingsingirona.com\/wp-content\/uploads\/2022\/03\/Logo_Llagosnet_bestline_negatiu_blau.jpg)\" target=\"_blank\" rel=\"noopener\"><\/a>\n                    <\/li>\n                <li class=\"logo\">\n                        <a href=\"https:\/\/serviturheinze.com\/\" style=\"background-image:url(https:\/\/campingsingirona.com\/wp-content\/uploads\/2021\/10\/Heinze-2.jpg)\" target=\"_blank\" rel=\"noopener\"><\/a>\n                    <\/li>\n                <li class=\"logo\">\n                        <a href=\"https:\/\/www.septeo.com\/es\/hospitality\" style=\"background-image:url(https:\/\/campingsingirona.com\/wp-content\/uploads\/2026\/02\/logo-septeo-hospitality-rgb_logo-Septeo-Hospitality-verti-dark.png)\" target=\"_blank\" rel=\"noopener\"><\/a>\n                    <\/li>\n                <li class=\"logo\">\n                        <a href=\"http:\/\/www.llort-tarradas.com\/\" style=\"background-image:url(https:\/\/campingsingirona.com\/wp-content\/uploads\/2025\/01\/llort-tarradas.jpeg)\" target=\"_blank\" rel=\"noopener\"><\/a>\n                    <\/li>\n                <li class=\"logo\">\n                        <a href=\"https:\/\/www.disbesa.com\/ca\/\" style=\"background-image:url(https:\/\/campingsingirona.com\/wp-content\/uploads\/2021\/10\/disbesa-darnes-3-e1635325494301.png)\" target=\"_blank\" rel=\"noopener\"><\/a>\n                    <\/li>\n                <li class=\"logo\">\n                        <a href=\"https:\/\/www.repsol.com\/es\/index.cshtml\" style=\"background-image:url(https:\/\/campingsingirona.com\/wp-content\/uploads\/2021\/07\/Diseno-sin-titulo1.jpg)\" target=\"_blank\" rel=\"noopener\"><\/a>\n                    <\/li>\n                <li class=\"logo\">\n                        <a href=\"https:\/\/www.tematicarquitectura.com\/\" style=\"background-image:url(https:\/\/campingsingirona.com\/wp-content\/uploads\/2024\/09\/TEMATIC.png)\" target=\"_blank\" rel=\"noopener\"><\/a>\n                    <\/li>\n                <li class=\"logo\">\n                        <a href=\"https:\/\/staff.es\/\" style=\"background-image:url(https:\/\/campingsingirona.com\/wp-content\/uploads\/2024\/09\/logo-grupo-vector1.png)\" target=\"_blank\" rel=\"noopener\"><\/a>\n                    <\/li>\n                <li class=\"logo\">\n                        <a href=\"https:\/\/sepesports.com\/\" style=\"background-image:url(https:\/\/campingsingirona.com\/wp-content\/uploads\/2024\/09\/Logo-vect.png)\" target=\"_blank\" rel=\"noopener\"><\/a>\n                    <\/li>\n                <li class=\"logo\">\n                        <a href=\"https:\/\/gapserveisturistics.com\/\" style=\"background-image:url(https:\/\/campingsingirona.com\/wp-content\/uploads\/2024\/09\/logo_gap-1.png)\" target=\"_blank\" rel=\"noopener\"><\/a>\n                    <\/li>\n                <li class=\"logo\">\n                        <a href=\"https:\/\/www.energy-tools.net\/\" style=\"background-image:url(https:\/\/campingsingirona.com\/wp-content\/uploads\/2024\/09\/Energy-Tools.png)\" target=\"_blank\" rel=\"noopener\"><\/a>\n                    <\/li>\n                <li class=\"logo\">\n                        <a href=\"https:\/\/edsunloisirs.com\/es\/\/\" style=\"background-image:url(https:\/\/campingsingirona.com\/wp-content\/uploads\/2024\/09\/LogoEDSUN_Fondbleu_Baseline.png)\" target=\"_blank\" rel=\"noopener\"><\/a>\n                    <\/li>\n                <li class=\"logo\">\n                        <a href=\"https:\/\/www.masiaemporda.com\/\" style=\"background-image:url(https:\/\/campingsingirona.com\/wp-content\/uploads\/2024\/08\/logo-masiaemporda.png)\" target=\"_blank\" rel=\"noopener\"><\/a>\n                    <\/li>\n                <li class=\"logo\">\n                        <a href=\"https:\/\/www.campany.es\/\" style=\"background-image:url(https:\/\/campingsingirona.com\/wp-content\/uploads\/2024\/08\/logo-campany.png)\" target=\"_blank\" rel=\"noopener\"><\/a>\n                    <\/li>\n                <li class=\"logo\">\n                        <a href=\"https:\/\/multivalles.com\/\" style=\"background-image:url(https:\/\/campingsingirona.com\/wp-content\/uploads\/2024\/11\/logo_multiembalajes.png)\" target=\"_blank\" rel=\"noopener\"><\/a>\n                    <\/li>\n                <li class=\"logo\">\n                        <a href=\"https:\/\/www.servei.es\/\" style=\"background-image:url(https:\/\/campingsingirona.com\/wp-content\/uploads\/2024\/12\/logo-servei-sau.png)\" target=\"_blank\" rel=\"noopener\"><\/a>\n                    <\/li>\n                <li class=\"logo\">\n                        <a href=\"https:\/\/www.apliser.com\/\" style=\"background-image:url(https:\/\/campingsingirona.com\/wp-content\/uploads\/2025\/07\/APLISER-logo.png)\" target=\"_blank\" rel=\"noopener\"><\/a>\n                    <\/li>\n                <li class=\"logo\">\n                        <a href=\"https:\/\/addvalue.es\/\" style=\"background-image:url(https:\/\/campingsingirona.com\/wp-content\/uploads\/2026\/01\/Logo-Add-Value.png)\" target=\"_blank\" rel=\"noopener\"><\/a>\n                    <\/li>\n                <li class=\"logo\">\n                        <a href=\"https:\/\/www.controlplagagirona.com\/\" style=\"background-image:url(https:\/\/campingsingirona.com\/wp-content\/uploads\/2026\/02\/Qontrol-Plagas-Ax-vertical.jpg)\" target=\"_blank\" rel=\"noopener\"><\/a>\n                    <\/li>\n            <\/ul>\n    <\/div><\/div>\n\n\n\n<div class=\"wp-block-column is-layout-flow wp-block-column-is-layout-flow\"><style type=\"text\/css\">\n\n<\/style>\n<div id=\"logos-block_3ed7af3da91e575683755eb93e31c8b8\" class=\"wp-block-group wp-block-logos\">\n    <h2>Col\u00b7laboradors<\/h2>\n        <ul class=\"logos\">\n                <li class=\"logo\">\n                        <a href=\"http:\/\/act.gencat.cat\/\" style=\"background-image:url(https:\/\/campingsingirona.com\/wp-content\/uploads\/2021\/10\/unnamed.gif)\" target=\"_blank\" rel=\"noopener\"><\/a>\n                    <\/li>\n                <li class=\"logo\">\n                        <a href=\"https:\/\/ca.costabrava.org\/\" style=\"background-image:url(https:\/\/campingsingirona.com\/wp-content\/uploads\/2021\/11\/CB_PG_V_P_1TC-scaled.jpg)\" target=\"_blank\" rel=\"noopener\"><\/a>\n                    <\/li>\n                <li class=\"logo\">\n                        <a href=\"https:\/\/www.ddgi.cat\/web\/\" style=\"background-image:url(https:\/\/campingsingirona.com\/wp-content\/uploads\/2021\/11\/DiputacioDeGirona.png)\" target=\"_blank\" rel=\"noopener\"><\/a>\n                    <\/li>\n                <li class=\"logo\">\n                        <a href=\"https:\/\/www.ddgi.cat\/web\/\" style=\"background-image:url(https:\/\/campingsingirona.com\/wp-content\/uploads\/2021\/11\/DDGI-2030-Demarcacio-Sostenible-2.jpg)\" target=\"_blank\" rel=\"noopener\"><\/a>\n                    <\/li>\n                <li class=\"logo\">\n                        <a href=\"http:\/\/www.foeg.cat\/\" style=\"background-image:url(https:\/\/campingsingirona.com\/wp-content\/uploads\/2024\/09\/logo_foeg_nou.jpg)\" target=\"_blank\" rel=\"noopener\"><\/a>\n                    <\/li>\n                <li class=\"logo\">\n                        <a href=\"https:\/\/www.doemporda.cat\/\" style=\"background-image:url(https:\/\/campingsingirona.com\/wp-content\/uploads\/2021\/10\/logo-do-emporda.jpg)\" target=\"_blank\" rel=\"noopener\"><\/a>\n                    <\/li>\n                <li class=\"logo\">\n                        <a href=\"https:\/\/www.enginyersgi.cat\/\" style=\"background-image:url(https:\/\/campingsingirona.com\/wp-content\/uploads\/2021\/10\/logo-1548256638057.jpg)\" target=\"_blank\" rel=\"noopener\"><\/a>\n                    <\/li>\n                <li class=\"logo\">\n                        <a href=\"https:\/\/www.viesverdes.cat\/:\/\/www.google.com\" style=\"background-image:url(https:\/\/campingsingirona.com\/wp-content\/uploads\/2021\/09\/ViesVerdes.jpg)\" target=\"_blank\" rel=\"noopener\"><\/a>\n                    <\/li>\n                <li class=\"logo\">\n                        <a href=\"https:\/\/www.mifas.cat\/es\/\" style=\"background-image:url(https:\/\/campingsingirona.com\/wp-content\/uploads\/2021\/10\/mifas-marcagrafica-grup-positiu-1050666.jpg)\" target=\"_blank\" rel=\"noopener\"><\/a>\n                    <\/li>\n                <li class=\"logo\">\n                        <a href=\"https:\/\/www.udg.edu\/es\/\" style=\"background-image:url(https:\/\/campingsingirona.com\/wp-content\/uploads\/2021\/10\/logo-girona-e1635324745802.jpg)\" target=\"_blank\" rel=\"noopener\"><\/a>\n                    <\/li>\n            <\/ul>\n    <\/div><\/div>\n<\/div>\n<\/div><\/div>\n\n\n\n<p><\/p>\n\n\n\n<p><\/p>\n","protected":false},"excerpt":{"rendered":"<p>Per qu\u00e8 anar als C\u00e0mpings de Girona? Els C\u00e0mpings de Girona s\u00f3n la millor opci\u00f3 de viatge per descobrir la Costa Brava i els Pirineus. Ofereixen tota mena d&#8217;allotjaments en ple contacte amb la natura i un territori amb infinites possibilitats Descarrega\u2019t el fullet\u00f3 dels \u2028C\u00e0mpings in Girona Explora tot el que els c\u00e0mpings de [&hellip;]<\/p>\n","protected":false},"author":1,"featured_media":0,"parent":0,"menu_order":0,"comment_status":"closed","ping_status":"closed","template":"","meta":{"_acf_changed":false,"footnotes":""},"class_list":["post-7301","page","type-page","status-publish","hentry"],"acf":[],"_links":{"self":[{"href":"https:\/\/campingsingirona.com\/ca\/wp-json\/wp\/v2\/pages\/7301","targetHints":{"allow":["GET"]}}],"collection":[{"href":"https:\/\/campingsingirona.com\/ca\/wp-json\/wp\/v2\/pages"}],"about":[{"href":"https:\/\/campingsingirona.com\/ca\/wp-json\/wp\/v2\/types\/page"}],"author":[{"embeddable":true,"href":"https:\/\/campingsingirona.com\/ca\/wp-json\/wp\/v2\/users\/1"}],"replies":[{"embeddable":true,"href":"https:\/\/campingsingirona.com\/ca\/wp-json\/wp\/v2\/comments?post=7301"}],"version-history":[{"count":19,"href":"https:\/\/campingsingirona.com\/ca\/wp-json\/wp\/v2\/pages\/7301\/revisions"}],"predecessor-version":[{"id":145590,"href":"https:\/\/campingsingirona.com\/ca\/wp-json\/wp\/v2\/pages\/7301\/revisions\/145590"}],"wp:attachment":[{"href":"https:\/\/campingsingirona.com\/ca\/wp-json\/wp\/v2\/media?parent=7301"}],"curies":[{"name":"wp","href":"https:\/\/api.w.org\/{rel}","templated":true}]}}