{"id":3,"date":"2021-01-28T01:53:18","date_gmt":"2021-01-28T01:53:18","guid":{"rendered":"https:\/\/campingsingirona.com\/?page_id=3"},"modified":"2025-01-13T09:51:18","modified_gmt":"2025-01-13T09:51:18","slug":"politica-privacitat","status":"publish","type":"page","link":"https:\/\/campingsingirona.com\/ca\/politica-privacitat\/","title":{"rendered":"Pol\u00edtica de privacitat"},"content":{"rendered":"\n<p>L\u2019ASSOCIACI\u00d3 DE C\u00c0MPINGS DE GIRONA \u00e9s conscient de la import\u00e0ncia que suposa pels nostres usuaris obtenir informaci\u00f3 clara i transparent sobre l\u2019\u00fas que fem de la informaci\u00f3 que ens proporcionen.&nbsp;<\/p>\n\n\n\n<p>La relaci\u00f3 amb els nostres usuaris es basa en la honestedat, el rigor i la transpar\u00e8ncia per construir relacions s\u00f2lides i de confian\u00e7a m\u00fatua. Mitjan\u00e7ant la present Pol\u00edtica de Privacitat els detallem com tractem les seves dades personals quan es relacionen amb nosaltres.&nbsp;<\/p>\n\n\n\n<p>Quan necessitem obtenir informaci\u00f3 per la seva part, sempre li sol\u00b7licitarem que ens la proporcioni volunt\u00e0riament de forma expressa. Les dades proporcionades mitjan\u00e7ant els formularis del Portal seran incorporades al sistema d\u2019informaci\u00f3 del que \u00e9s responsable l\u2019ASSOCIACI\u00d3 DE C\u00c0MPINGS DE GIRONA.&nbsp;&nbsp;<\/p>\n\n\n\n<p>La legitimaci\u00f3 pel tractament de les seves dades es basa en el consentiment lliure, espec\u00edfic, informat i inequ\u00edvoc de l\u2019usuari, en tant que l\u2019informem posant a la seva disposici\u00f3 no nom\u00e9s la present pol\u00edtica de privacitat, perqu\u00e8 despr\u00e8s de llegir-la i en el cas d\u2019estar conforme, accepti marcant la casella disposada a l\u2019efecte del tractament en q\u00fcesti\u00f3, si no amb la inclusi\u00f3 d\u2019una primera capa informativa al propi formulari.&nbsp;<\/p>\n\n\n\n<p>L\u2019ASSOCIACI\u00d3 DE C\u00c0MPINGS DE GIRONA tractar\u00e0 les dades confidencialment i amb l\u2019\u00fanica finalitat de prestar els serveis sol\u00b7licitats, amb totes les garanties legals i de seguretat que imposa la Llei Org\u00e0nica 3\/2018, de 5 de desembre, de protecci\u00f3 de dades i Garantia de Drets Digitals, el Reglament (UE) 2016\/679 del Parlament Europeu i del Consell, de 27 d\u2019abril de 2016 (RGPD) i la Llei 34\/2002, de 11 de juliol, de Serveis de la Societat de la Informaci\u00f3 i Comer\u00e7 Electr\u00f2nic.&nbsp;<\/p>\n\n\n\n<p>&nbsp;L\u2019ASSOCIACI\u00d3 DE C\u00c0MPINGS DE GIRONA tractar\u00e0 les dades personals de l\u2019usuari recollides a trav\u00e9s de La P\u00e0gina Web, amb les seg\u00fcents finalitats:&nbsp;<\/p>\n\n\n\n<p>1. Enviament d\u2019informaci\u00f3 sol\u00b7licitada a trav\u00e9s dels formularis disposats a La P\u00e0gina Web.&nbsp;<\/p>\n\n\n\n<p>2. Enviar butlletins informatius (newsletters), aix\u00ed com comunicacions comercials i\/o de publicitat de l\u2019ASSOCIACI\u00d3 DE C\u00c0MPINGS DE GIRONA.&nbsp;<\/p>\n\n\n\n<p>3. Permetre el funcionament de la nostra website a trav\u00e9s de cookies t\u00e8cniques i funcionals tal i com es detalla a la nostra pol\u00edtica de cookies.&nbsp;<\/p>\n\n\n\n<p>Els camps d\u2019aquests registres son d\u2019emplenament obligatori, sent impossible realitzar les finalitats expressades si no s\u2019aporten aquestes dades o ens les facilita de forma err\u00f2nia o incomplerta.&nbsp;<\/p>\n\n\n\n<p>L\u2019usuari manifesta que totes les dades facilitades per ell s\u00f3n certs i correctes i es compromet a mantenir-les actualitzades, comunicant els canvis a l\u2019ASSOCIACI\u00d3 DE C\u00c0MPINGS DE GIRONA.&nbsp;<\/p>\n\n\n\n<p>Les dades que ens proporcioni, no es comunicaran a tercers aliens a l\u2019ASSOCIACI\u00d3 DE C\u00c0MPINGS DE GIRONA sense la seva aprovaci\u00f3 expressa, llevat d\u2019obligaci\u00f3 legal.&nbsp;<\/p>\n\n\n\n<p>Les dades personals proporcionades es conservaran mentre es mantingui la relaci\u00f3 comercial i l\u2019usuari no hagi sol\u00b7licitat la seva supressi\u00f3 i durant el termini pel qual es poguessin derivar responsabilitats legals.&nbsp;<\/p>\n\n\n\n<p>L\u2019usuari podr\u00e0, en qualsevol moment, revocar el consentiment prestat i exercitar els seus drets de acc\u00e9s, rectificaci\u00f3, limitaci\u00f3 de tractament, portabilitat, cancel\u00b7laci\u00f3 i oposici\u00f3 adre\u00e7ant-se per escrit al domicili social de l\u2019ASSOCIACI\u00d3 DE C\u00c0MPINGS DE GIRONA situat al Parc UdG, Edifici Narc\u00eds Monturiol, C\/ Emili Grahit 91 Bloc A \u2013 Oficina A.01.17 o enviant un correu electr\u00f2nic a <a href=\"mailto:info@campingsinigirona.com\">info@campingsinigirona.com<\/a> identificant degudament i indicant de forma visible el dret concret que s\u2019exerceix.\u00a0<\/p>\n\n\n\n<p>En aplicaci\u00f3 de la LSSI, l\u2019ASSOCIACI\u00d3 DE C\u00c0MPINGS DE GIRONA no enviar\u00e0 comunicacions publicit\u00e0ries o promocionals per correu electr\u00f2nic o un altre mitj\u00e0 de comunicaci\u00f3 electr\u00f2nica equivalent que pr\u00e8viament no haguessin estat sol\u00b7licitades o expressament autoritzades pels destinataris de les mateixes. En conseq\u00fc\u00e8ncia, a cada formulari de La P\u00e0gina Web, l\u2019usuari te la possibilitat de donar el seu consentiment expr\u00e9s per rebre butlletins, amb independ\u00e8ncia de la informaci\u00f3 puntualment sol\u00b7licitada.&nbsp;<\/p>\n\n\n\n<p>L\u2019ASSOCIACI\u00d3 DE C\u00c0MPINGS DE GIRONA adopta les mesures necess\u00e0ries per garantir la seguretat, integritat i confidencialitat de les dades conforme a la Llei Org\u00e0nica 03\/2018 i dem\u00e9s normativa aplicable. Tanmateix, no assumeix cap responsabilitat per danys o perjudicis derivats d\u2019alteracions que tercers puguin causar als sistemes inform\u00e0tics, documents electr\u00f2nics o fitxers de l\u2019usuari.&nbsp;<\/p>\n\n\n\n<p>L\u2019\u00fas de les cookies a trav\u00e9s del portal es regir\u00e0 per l\u2019establert a la nostra Pol\u00edtica de Cookies, accessible en tot moment des del Portal.&nbsp;<\/p>\n\n\n\n<p>Qualsevol canvi que en el futur puguem introduir en la nostra pol\u00edtica de privacitat ser\u00e0 comunicat en aquesta p\u00e0gina. D\u2019aquesta forma, podr\u00e0 comprovar regularment les actualitzacions o canvis a la nostra pol\u00edtica de privacitat.&nbsp;&nbsp;<\/p>\n\n\n\n<p>En el cas de diverg\u00e8ncies amb l\u2019ASSOCIACI\u00d3 DE C\u00c0MPINGS DE GIRONA en relaci\u00f3 amb el tractament de les seves dades, pot interposar reclamaci\u00f3 davant de l\u2019Agencia Espa\u00f1ola de Protecci\u00f3n de Datos a la seva seu electr\u00f2nica (<a href=\"http:\/\/www.aepd.es\" target=\"_blank\" rel=\"noopener\">www.aepd.es<\/a>).<\/p>\n\n\n\n<p>S\u2019aplicar\u00e0 la legislaci\u00f3 espanyola a totes les disputes que afectin a aquesta p\u00e0gina web, sent competents els tribunals i jutjats corresponents.<\/p>\n\n\n\n<h3 class=\"wp-block-heading\"><strong>POL\u00cdTICA DE PRIVACITAT A LES XARXES SOCIALS<\/strong><\/h3>\n\n\n\n<p>De conformitat amb el que estableix el RGPD 2016\/679, la LOPDGDD 3\/2018 i la Llei 34\/2002, d\u201911 de juliol, de Serveis de la Societat de la Informaci\u00f3 i de Comer\u00e7 Electr\u00f2nic (LSSI-CE), l\u2019ASSOCIACI\u00d3 DE C\u00c0MPINGS DE GIRONA informa als usuaris, que te creat un perfil a les Xarxes Socials Facebook, Twitter, Instagram, Youtube i Linkedin amb la finalitat principal de publicar els seus productes i serveis.&nbsp;<\/p>\n\n\n\n<p>L\u2019usuari que lliurement ha mostrat el seu inter\u00e8s unint-se a la p\u00e0gina creada per l\u2019ASSOCIACI\u00d3 DE C\u00c0MPINGS DE GIRONA, ens est\u00e0 legitimant al tractament d\u2019aquelles dades personals que tinguin projecci\u00f3 p\u00fablica en el seu perfil, en especial el seu nom de contacte. Aquestes dades, nom\u00e9s s\u00f3n utilitzades dins de la pr\u00f2pia Xarxa Social. En cap cas l\u2019ASSOCIACI\u00d3 DE C\u00c0MPINGS DE GIRONA les incorporar\u00e0 a cap base de dades.&nbsp;<\/p>\n\n\n\n<p>L\u2019ASSOCIACI\u00d3 DE C\u00c0MPINGS DE GIRONA podr\u00e0 publicar en el perfil de l\u2019usuari tota aquella informaci\u00f3 ja publicada a la p\u00e0gina de l\u2019Associaci\u00f3; enviar-li missatges personals i individuals a trav\u00e9s dels canals de la xarxa social, aix\u00ed com publicar al perfil de l\u2019usuari les actualitzacions de l\u2019estat de la p\u00e0gina de l\u2019Associaci\u00f3.&nbsp;<\/p>\n\n\n\n<p>En tot cas, com a usuari, en qualsevol moment pot accedir a les pol\u00edtiques de privacitat de al pr\u00f2pia xarxa social, aix\u00ed com configurar el seu perfil segons les seves prefer\u00e8ncies de privacitat.&nbsp;<\/p>\n\n\n\n<p>Per la seva part, l\u2019usuari unit a la p\u00e0gina de l\u2019ASSOCIACI\u00d3 DE C\u00c0MPINGS DE GIRONA, podr\u00e0 publicar en aquesta, comentaris, enlla\u00e7os, imatges o fotografies o qualsevol altre tipus de contingut multim\u00e8dia suportat per la Xarxa Social. En tots els casos, l\u2019usuari ha de ser el titular dels mateixos, tenir els drets d\u2019autor i de propietat intel\u00b7lectual o comptar amb el consentiment dels tercers afectats.&nbsp;<\/p>\n\n\n\n<p>Es prohibeix expressament qualsevol publicaci\u00f3 a la p\u00e0gina, ja siguin textos, gr\u00e0fics, fotografies, v\u00eddeos, etc. que atemptin o siguin susceptibles d\u2019atemptar contra la moral, l\u2019\u00e8tica, el bon gust o el dec\u00f2rum, i\/o que infringeixin, violin o transgredeixin els drets de propietat intel\u00b7lectual o industrial, el dret a la imatge o a la Llei. En aquests casos, l\u2019ASSOCIACI\u00d3 DE C\u00c0MPIGNS DE GIRONA es reserva el dret a retirar d\u2019immediat el contingut, poden sol\u00b7licitar el bloqueig permanent de l\u2019usuari.&nbsp;<\/p>\n\n\n\n<p>L\u2019ASSOCIACI\u00d3 DE C\u00c0MPINGS DE GIRONA no es far\u00e0 responsable dels continguts que lliurement ha publicat un usuari.&nbsp;<\/p>\n\n\n\n<h4 class=\"wp-block-heading\">EXERCICI DELS DRETS&nbsp;<\/h4>\n\n\n\n<p>En relaci\u00f3 als drets d\u2019acc\u00e9s, rectificaci\u00f3, limitaci\u00f3 del tractament, portabilitat, cancel\u00b7laci\u00f3 i oposici\u00f3, que com usuari pot exercitar, cal que tingui en compte els seg\u00fcents matisos:&nbsp;<\/p>\n\n\n\n<p>L\u2019ASSOCIACI\u00d3 DE C\u00c0MPINGS DE GIRONA nom\u00e9s podr\u00e0 rectificar aquella informaci\u00f3 que es trobi sota el seu control, per exemple eliminar comentaris publicats a la pr\u00f2pia p\u00e0gina. En molts casos, aquest dret l\u2019haur\u00e0 d\u2019exercir davant de la pr\u00f2pia xarxa social.&nbsp;<\/p>\n\n\n\n<p>En quant als drets de cancel\u00b7laci\u00f3, limitaci\u00f3 i oposici\u00f3, nom\u00e9s es podr\u00e0 satisfer en relaci\u00f3 a aquella informaci\u00f3 que es trobi sota el control de l\u2019ASSOCIACI\u00d3 DE C\u00c0MPIGNS DE GIRONA, per exemple, deixar d\u2019estar unit al perfil. Per la resta de casos, s\u2019haur\u00e0 de dirigir a la pr\u00f2pia xarxa social.&nbsp;<\/p>\n\n\n\n<p>En quant al dret d\u2019acc\u00e9s, vindr\u00e0 definit per la funcionalitat de la xarxa social i la capacitat d\u2019acc\u00e9s a la informaci\u00f3 dels perfils dels usuaris.&nbsp;<\/p>\n\n\n\n<h4 class=\"wp-block-heading\">publicaci\u00f3 imATgeS<\/h4>\n\n\n\n<p>L\u2019ASSOCIACI\u00d3 DE C\u00c0MPINGS DE GIRONA l\u2019informa que les imatges que puguin publicar-se a la p\u00e0gina de la seva Xarxa Social no seran emmagatzemades en cap fitxer per part de l\u2019Associaci\u00f3 per\u00f2 si romandran a la Xarxa Social.<\/p>\n\n\n\n<p>L\u2019ASSOCIACI\u00d3 DE C\u00c0MPINGS DE GIRONA informa a l\u2019usuari que algunes de les imatges que apareixen a la seva Xarxa Social poden ser objecte d\u2019identificaci\u00f3 per part dels fotografiats.&nbsp;<\/p>\n\n\n\n<p>Si es reconeix en alguna de les fotografies o v\u00eddeos publicats en aquesta xarxa social i no hi desitja apar\u00e8ixer, preguem ens ho comuniqui a trav\u00e9s de l\u2019adre\u00e7a de correu electr\u00f2nic habilitada a l\u2019efecte: <a href=\"mailto:info@campingsingirona.com\">info@campingsingirona.com<\/a>, adjuntant c\u00f2pia del document acreditatiu de la seva identitat i referenciant l\u2019apartat de la p\u00e0gina a on es troba la imatge o v\u00eddeo en el que apareix.&nbsp;<\/p>\n\n\n\n<h4 class=\"wp-block-heading\">CONCURSOS I PROMOCIONS<\/h4>\n\n\n\n<p>L\u2019ASSOCIACI\u00d3 DE C\u00c0MPINGS DE GIRONA es reserva el dret de celebrar concursos i promocions, en els que podr\u00e0 participar l\u2019usuari unit a la seva p\u00e0gina. Les bases de participaci\u00f3 quan s\u2019utilitzi la plataforma de la Xarxa Social, seran publicades en la mateixa i sempre donant compliment al que estableix la SSI-CE i qualsevol altra forma que sigui d\u2019aplicaci\u00f3.&nbsp;<\/p>\n\n\n\n<p>La Xarxa Social no proporciona, avala ni administra, de cap manera, cap de les nostres promocions, ni est\u00e0 associada a cap d\u2019elles.&nbsp;<\/p>\n\n\n\n<h4 class=\"wp-block-heading\">PROSPECCI\u00d3 COMERCIAL<\/h4>\n\n\n\n<p>l\u2019ASSOCIACI\u00d3 DE C\u00c0MPINGS DE GIRONA utilitzar\u00e0 la Xarxa Social per publicar els seus productes i serveis. En tot cas, si decideix tractar les seves dades de contacte per realitzar accions directes de prospecci\u00f3 comercial, ser\u00e0 sempre, complint amb les exig\u00e8ncies legals del RGPD i de la LSSI-CE.&nbsp;<\/p>\n\n\n\n<p>No es considerar\u00e0 publicitat el fet de recomanar a altres usuaris de la p\u00e0gina de l\u2019ASSOCIACI\u00d3 DE C\u00c0MPINGS DE GIRONA perqu\u00e8 tamb\u00e9 ells puguin gaudir de les promocions o estar informats de la seva activitat.<\/p>\n","protected":false},"excerpt":{"rendered":"<p>L\u2019ASSOCIACI\u00d3 DE C\u00c0MPINGS DE GIRONA \u00e9s conscient de la import\u00e0ncia que suposa pels nostres usuaris obtenir informaci\u00f3 clara i transparent sobre l\u2019\u00fas que fem de la informaci\u00f3 que ens proporcionen.&nbsp; La relaci\u00f3 amb els nostres usuaris es basa en la honestedat, el rigor i la transpar\u00e8ncia per construir relacions s\u00f2lides i de confian\u00e7a m\u00fatua. Mitjan\u00e7ant [&hellip;]<\/p>\n","protected":false},"author":1,"featured_media":0,"parent":0,"menu_order":0,"comment_status":"closed","ping_status":"closed","template":"template-texto.php","meta":{"_acf_changed":false,"footnotes":""},"class_list":["post-3","page","type-page","status-publish","hentry"],"acf":[],"_links":{"self":[{"href":"https:\/\/campingsingirona.com\/ca\/wp-json\/wp\/v2\/pages\/3","targetHints":{"allow":["GET"]}}],"collection":[{"href":"https:\/\/campingsingirona.com\/ca\/wp-json\/wp\/v2\/pages"}],"about":[{"href":"https:\/\/campingsingirona.com\/ca\/wp-json\/wp\/v2\/types\/page"}],"author":[{"embeddable":true,"href":"https:\/\/campingsingirona.com\/ca\/wp-json\/wp\/v2\/users\/1"}],"replies":[{"embeddable":true,"href":"https:\/\/campingsingirona.com\/ca\/wp-json\/wp\/v2\/comments?post=3"}],"version-history":[{"count":5,"href":"https:\/\/campingsingirona.com\/ca\/wp-json\/wp\/v2\/pages\/3\/revisions"}],"predecessor-version":[{"id":121520,"href":"https:\/\/campingsingirona.com\/ca\/wp-json\/wp\/v2\/pages\/3\/revisions\/121520"}],"wp:attachment":[{"href":"https:\/\/campingsingirona.com\/ca\/wp-json\/wp\/v2\/media?parent=3"}],"curies":[{"name":"wp","href":"https:\/\/api.w.org\/{rel}","templated":true}]}}