{"id":26061,"date":"2021-10-27T08:00:25","date_gmt":"2021-10-27T08:00:25","guid":{"rendered":"https:\/\/campingsingirona.com\/?page_id=26061"},"modified":"2025-12-05T15:07:05","modified_gmt":"2025-12-05T15:07:05","slug":"open-365","status":"publish","type":"page","link":"https:\/\/campingsingirona.com\/ca\/experiencies\/open-365\/","title":{"rendered":"Open 365"},"content":{"rendered":"\n<h2 class=\"wp-block-heading\" id=\"els-campings-de-girona-es-viuen-tot-l-any\">Els C\u00e0mpings de Girona es viuen tot l\u2019any<\/h2>\n\n\n\n<p>Anar de c\u00e0mping \u00e9s una fant\u00e0stica experi\u00e8ncia per descobrir la Costa Brava i els Pirineus, que es pot realitzar i viure en qualsevol \u00e8poca.<\/p>\n\n\n\n<p>Als C\u00e0mpings de Girona podreu fer-hi <strong>estades els 365 dies de l\u2019any<\/strong>, que us portaran a viure mil aventures i a descobrir el territori de mil maneres diferents. Sou m\u00e9s partidaris de fer una capbussada a les piscines o al mar, a l&#8217;estiu, o de passejar pels m\u00e0gics boscos de fulla caduca a la tardor? No cal que espereu, perqu\u00e8 podreu anar de c\u00e0mping quan us vingui de gust.<\/p>\n\n\n\n<p>A m\u00e9s, els c\u00e0mpings de la Costa Brava i els Pirineus que obren tot l\u2019any, ofereixen <strong>allotjaments confortables, climatitzats i amb tota mena de serveis<\/strong> perqu\u00e8 us pugueu sentir com a casa.<\/p>\n\n\n\n<p>Us han vingut ganes d&#8217;anar de c\u00e0mping? Descobriu els C\u00e0mpings Open 365 i aneu-hi quan vulgueu! \ud83d\udc47<\/p>\n","protected":false},"excerpt":{"rendered":"<p>Els C\u00e0mpings de Girona es viuen tot l\u2019any Anar de c\u00e0mping \u00e9s una fant\u00e0stica experi\u00e8ncia per descobrir la Costa Brava i els Pirineus, que es pot realitzar i viure en qualsevol \u00e8poca. Als C\u00e0mpings de Girona podreu fer-hi estades els 365 dies de l\u2019any, que us portaran a viure mil aventures i a descobrir el [&hellip;]<\/p>\n","protected":false},"author":1,"featured_media":26073,"parent":11900,"menu_order":0,"comment_status":"closed","ping_status":"closed","template":"template-experiencia.php","meta":{"_acf_changed":false,"footnotes":""},"class_list":["post-26061","page","type-page","status-publish","has-post-thumbnail","hentry"],"acf":[],"_links":{"self":[{"href":"https:\/\/campingsingirona.com\/ca\/wp-json\/wp\/v2\/pages\/26061","targetHints":{"allow":["GET"]}}],"collection":[{"href":"https:\/\/campingsingirona.com\/ca\/wp-json\/wp\/v2\/pages"}],"about":[{"href":"https:\/\/campingsingirona.com\/ca\/wp-json\/wp\/v2\/types\/page"}],"author":[{"embeddable":true,"href":"https:\/\/campingsingirona.com\/ca\/wp-json\/wp\/v2\/users\/1"}],"replies":[{"embeddable":true,"href":"https:\/\/campingsingirona.com\/ca\/wp-json\/wp\/v2\/comments?post=26061"}],"version-history":[{"count":7,"href":"https:\/\/campingsingirona.com\/ca\/wp-json\/wp\/v2\/pages\/26061\/revisions"}],"predecessor-version":[{"id":144165,"href":"https:\/\/campingsingirona.com\/ca\/wp-json\/wp\/v2\/pages\/26061\/revisions\/144165"}],"up":[{"embeddable":true,"href":"https:\/\/campingsingirona.com\/ca\/wp-json\/wp\/v2\/pages\/11900"}],"wp:featuredmedia":[{"embeddable":true,"href":"https:\/\/campingsingirona.com\/ca\/wp-json\/wp\/v2\/media\/26073"}],"wp:attachment":[{"href":"https:\/\/campingsingirona.com\/ca\/wp-json\/wp\/v2\/media?parent=26061"}],"curies":[{"name":"wp","href":"https:\/\/api.w.org\/{rel}","templated":true}]}}