{"id":15851,"date":"2021-04-09T08:43:54","date_gmt":"2021-04-09T08:43:54","guid":{"rendered":"https:\/\/campingsingirona.com\/?page_id=15851"},"modified":"2022-02-14T08:05:02","modified_gmt":"2022-02-14T08:05:02","slug":"campgo","status":"publish","type":"page","link":"https:\/\/campingsingirona.com\/ca\/experiencies\/campgo\/","title":{"rendered":"Camp&#038;Go"},"content":{"rendered":"\n<h2 class=\"wp-block-heading\" id=\"amplia-els-avantatges-de-viatjar-en-autocaravana\">Amplia els avantatges de viatjar en autocaravana<\/h2>\n\n\n\n<p>Despr\u00e9s d\u2019un divertit dia de ruta, ve de gust descansar i posar-se c\u00f2mode. Qu\u00e8 et semblaria gaudir de bones vistes des de l\u2019autocaravana mentre buides els dip\u00f2sits? O un ambient tranquil i segur per preparar un bon sopar?<\/p>\n\n\n\n<p>Als C\u00e0mpings de Girona \u00e9s possible amb l\u2019innovador servei per autocaravanistes Camp&amp;Go! Ara pots fer<strong> estades nocturnes al c\u00e0mping en parcel\u00b7les equipades per autocaravanes<\/strong> i gaudir-les <strong>a preus redu\u00efts<\/strong>.<\/p>\n\n\n\n<p>Descobreix els C\u00e0mpings amb el Segell Camp&amp;Go i fes de la teva ruta un viatge m\u00e9s c\u00f2mode i divertit.<\/p>\n\n\n\n<p>*Consulta les tarifes i condicions especials Camp&amp;Go a cada c\u00e0mping.<\/p>\n","protected":false},"excerpt":{"rendered":"<p>Amplia els avantatges de viatjar en autocaravana Despr\u00e9s d\u2019un divertit dia de ruta, ve de gust descansar i posar-se c\u00f2mode. Qu\u00e8 et semblaria gaudir de bones vistes des de l\u2019autocaravana mentre buides els dip\u00f2sits? O un ambient tranquil i segur per preparar un bon sopar? Als C\u00e0mpings de Girona \u00e9s possible amb l\u2019innovador servei per [&hellip;]<\/p>\n","protected":false},"author":1,"featured_media":15852,"parent":11900,"menu_order":0,"comment_status":"closed","ping_status":"closed","template":"template-experiencia.php","meta":{"_acf_changed":false,"footnotes":""},"class_list":["post-15851","page","type-page","status-publish","has-post-thumbnail","hentry"],"acf":[],"_links":{"self":[{"href":"https:\/\/campingsingirona.com\/ca\/wp-json\/wp\/v2\/pages\/15851","targetHints":{"allow":["GET"]}}],"collection":[{"href":"https:\/\/campingsingirona.com\/ca\/wp-json\/wp\/v2\/pages"}],"about":[{"href":"https:\/\/campingsingirona.com\/ca\/wp-json\/wp\/v2\/types\/page"}],"author":[{"embeddable":true,"href":"https:\/\/campingsingirona.com\/ca\/wp-json\/wp\/v2\/users\/1"}],"replies":[{"embeddable":true,"href":"https:\/\/campingsingirona.com\/ca\/wp-json\/wp\/v2\/comments?post=15851"}],"version-history":[{"count":5,"href":"https:\/\/campingsingirona.com\/ca\/wp-json\/wp\/v2\/pages\/15851\/revisions"}],"predecessor-version":[{"id":31024,"href":"https:\/\/campingsingirona.com\/ca\/wp-json\/wp\/v2\/pages\/15851\/revisions\/31024"}],"up":[{"embeddable":true,"href":"https:\/\/campingsingirona.com\/ca\/wp-json\/wp\/v2\/pages\/11900"}],"wp:featuredmedia":[{"embeddable":true,"href":"https:\/\/campingsingirona.com\/ca\/wp-json\/wp\/v2\/media\/15852"}],"wp:attachment":[{"href":"https:\/\/campingsingirona.com\/ca\/wp-json\/wp\/v2\/media?parent=15851"}],"curies":[{"name":"wp","href":"https:\/\/api.w.org\/{rel}","templated":true}]}}