{"id":12273,"date":"2021-02-18T14:43:10","date_gmt":"2021-02-18T14:43:10","guid":{"rendered":"https:\/\/campingsingirona.com\/?page_id=12273"},"modified":"2021-04-17T17:19:03","modified_gmt":"2021-04-17T17:19:03","slug":"mascotes","status":"publish","type":"page","link":"https:\/\/campingsingirona.com\/ca\/punts-interes\/mascotes\/","title":{"rendered":"Mascotes"},"content":{"rendered":"\n<p class=\"has-text-align-center\">Viatjar amb mascotes no sempre \u00e9s f\u00e0cil, per aix\u00f2 els C\u00e0mpings de Girona et presentem els punts d&#8217;inter\u00e8s m\u00e9s destacats de la Costa Brava i els Pirineus per poder anar de vacances amb el teu gos. Descobreix totes les platges accessibles amb gossos, excursions i visites que podr\u00e0s fer amb el teu fidel amic de quatre potes.<\/p>\n","protected":false},"excerpt":{"rendered":"<p>Viatjar amb mascotes no sempre \u00e9s f\u00e0cil, per aix\u00f2 els C\u00e0mpings de Girona et presentem els punts d&#8217;inter\u00e8s m\u00e9s destacats de la Costa Brava i els Pirineus per poder anar de vacances amb el teu gos. Descobreix totes les platges accessibles amb gossos, excursions i visites que podr\u00e0s fer amb el teu fidel amic de [&hellip;]<\/p>\n","protected":false},"author":1,"featured_media":15814,"parent":12195,"menu_order":0,"comment_status":"closed","ping_status":"closed","template":"template-tipo-destino.php","meta":{"_acf_changed":false,"footnotes":""},"class_list":["post-12273","page","type-page","status-publish","has-post-thumbnail","hentry"],"acf":[],"_links":{"self":[{"href":"https:\/\/campingsingirona.com\/ca\/wp-json\/wp\/v2\/pages\/12273","targetHints":{"allow":["GET"]}}],"collection":[{"href":"https:\/\/campingsingirona.com\/ca\/wp-json\/wp\/v2\/pages"}],"about":[{"href":"https:\/\/campingsingirona.com\/ca\/wp-json\/wp\/v2\/types\/page"}],"author":[{"embeddable":true,"href":"https:\/\/campingsingirona.com\/ca\/wp-json\/wp\/v2\/users\/1"}],"replies":[{"embeddable":true,"href":"https:\/\/campingsingirona.com\/ca\/wp-json\/wp\/v2\/comments?post=12273"}],"version-history":[{"count":5,"href":"https:\/\/campingsingirona.com\/ca\/wp-json\/wp\/v2\/pages\/12273\/revisions"}],"predecessor-version":[{"id":16621,"href":"https:\/\/campingsingirona.com\/ca\/wp-json\/wp\/v2\/pages\/12273\/revisions\/16621"}],"up":[{"embeddable":true,"href":"https:\/\/campingsingirona.com\/ca\/wp-json\/wp\/v2\/pages\/12195"}],"wp:featuredmedia":[{"embeddable":true,"href":"https:\/\/campingsingirona.com\/ca\/wp-json\/wp\/v2\/media\/15814"}],"wp:attachment":[{"href":"https:\/\/campingsingirona.com\/ca\/wp-json\/wp\/v2\/media?parent=12273"}],"curies":[{"name":"wp","href":"https:\/\/api.w.org\/{rel}","templated":true}]}}