{"id":12264,"date":"2021-02-18T14:41:48","date_gmt":"2021-02-18T14:41:48","guid":{"rendered":"https:\/\/campingsingirona.com\/?page_id=12264"},"modified":"2021-04-17T18:03:09","modified_gmt":"2021-04-17T18:03:09","slug":"patrimoni-cultural","status":"publish","type":"page","link":"https:\/\/campingsingirona.com\/ca\/punts-interes\/patrimoni-cultural\/","title":{"rendered":"Patrimoni cultural"},"content":{"rendered":"\n<p class=\"has-text-align-center\">Endinsa&#8217;t a la cultura i les tradicions de la Costa Brava i els Pirineus, una terra esculpida pel pas de nombroses civilitzacions i una font d&#8217;inspiraci\u00f3 per a artistes d&#8217;arreu. Gr\u00e0cies al car\u00e0cter obert i amigable dels habitants d&#8217;aquest indret, podreu viure de primera m\u00e0 una experi\u00e8ncia cultural immillorable.<\/p>\n","protected":false},"excerpt":{"rendered":"<p>Endinsa&#8217;t a la cultura i les tradicions de la Costa Brava i els Pirineus, una terra esculpida pel pas de nombroses civilitzacions i una font d&#8217;inspiraci\u00f3 per a artistes d&#8217;arreu. Gr\u00e0cies al car\u00e0cter obert i amigable dels habitants d&#8217;aquest indret, podreu viure de primera m\u00e0 una experi\u00e8ncia cultural immillorable.<\/p>\n","protected":false},"author":1,"featured_media":15771,"parent":12195,"menu_order":0,"comment_status":"closed","ping_status":"closed","template":"template-tipo-destino.php","meta":{"_acf_changed":false,"footnotes":""},"class_list":["post-12264","page","type-page","status-publish","has-post-thumbnail","hentry"],"acf":[],"_links":{"self":[{"href":"https:\/\/campingsingirona.com\/ca\/wp-json\/wp\/v2\/pages\/12264","targetHints":{"allow":["GET"]}}],"collection":[{"href":"https:\/\/campingsingirona.com\/ca\/wp-json\/wp\/v2\/pages"}],"about":[{"href":"https:\/\/campingsingirona.com\/ca\/wp-json\/wp\/v2\/types\/page"}],"author":[{"embeddable":true,"href":"https:\/\/campingsingirona.com\/ca\/wp-json\/wp\/v2\/users\/1"}],"replies":[{"embeddable":true,"href":"https:\/\/campingsingirona.com\/ca\/wp-json\/wp\/v2\/comments?post=12264"}],"version-history":[{"count":4,"href":"https:\/\/campingsingirona.com\/ca\/wp-json\/wp\/v2\/pages\/12264\/revisions"}],"predecessor-version":[{"id":16631,"href":"https:\/\/campingsingirona.com\/ca\/wp-json\/wp\/v2\/pages\/12264\/revisions\/16631"}],"up":[{"embeddable":true,"href":"https:\/\/campingsingirona.com\/ca\/wp-json\/wp\/v2\/pages\/12195"}],"wp:featuredmedia":[{"embeddable":true,"href":"https:\/\/campingsingirona.com\/ca\/wp-json\/wp\/v2\/media\/15771"}],"wp:attachment":[{"href":"https:\/\/campingsingirona.com\/ca\/wp-json\/wp\/v2\/media?parent=12264"}],"curies":[{"name":"wp","href":"https:\/\/api.w.org\/{rel}","templated":true}]}}