{"id":12261,"date":"2021-02-18T14:41:19","date_gmt":"2021-02-18T14:41:19","guid":{"rendered":"https:\/\/campingsingirona.com\/?page_id=12261"},"modified":"2021-04-29T07:53:20","modified_gmt":"2021-04-29T07:53:20","slug":"esports-aventura","status":"publish","type":"page","link":"https:\/\/campingsingirona.com\/ca\/punts-interes\/esports-aventura\/","title":{"rendered":"Esports i aventura"},"content":{"rendered":"\n<p class=\"has-text-align-center\">A la Costa Brava i als Pirineus podr\u00e0s practicar els teus esports preferits entre paisatges de somni! Descobreix totes les possibilitats que t&#8217;ofereix aquest territori per a la pr\u00e0ctica de l&#8217;activitat f\u00edsica i els esports d&#8217;aventura m\u00e9s espectaculars.<\/p>\n","protected":false},"excerpt":{"rendered":"<p>A la Costa Brava i als Pirineus podr\u00e0s practicar els teus esports preferits entre paisatges de somni! Descobreix totes les possibilitats que t&#8217;ofereix aquest territori per a la pr\u00e0ctica de l&#8217;activitat f\u00edsica i els esports d&#8217;aventura m\u00e9s espectaculars.<\/p>\n","protected":false},"author":1,"featured_media":15759,"parent":12195,"menu_order":0,"comment_status":"closed","ping_status":"closed","template":"template-tipo-destino.php","meta":{"_acf_changed":false,"footnotes":""},"class_list":["post-12261","page","type-page","status-publish","has-post-thumbnail","hentry"],"acf":[],"_links":{"self":[{"href":"https:\/\/campingsingirona.com\/ca\/wp-json\/wp\/v2\/pages\/12261","targetHints":{"allow":["GET"]}}],"collection":[{"href":"https:\/\/campingsingirona.com\/ca\/wp-json\/wp\/v2\/pages"}],"about":[{"href":"https:\/\/campingsingirona.com\/ca\/wp-json\/wp\/v2\/types\/page"}],"author":[{"embeddable":true,"href":"https:\/\/campingsingirona.com\/ca\/wp-json\/wp\/v2\/users\/1"}],"replies":[{"embeddable":true,"href":"https:\/\/campingsingirona.com\/ca\/wp-json\/wp\/v2\/comments?post=12261"}],"version-history":[{"count":5,"href":"https:\/\/campingsingirona.com\/ca\/wp-json\/wp\/v2\/pages\/12261\/revisions"}],"predecessor-version":[{"id":16619,"href":"https:\/\/campingsingirona.com\/ca\/wp-json\/wp\/v2\/pages\/12261\/revisions\/16619"}],"up":[{"embeddable":true,"href":"https:\/\/campingsingirona.com\/ca\/wp-json\/wp\/v2\/pages\/12195"}],"wp:featuredmedia":[{"embeddable":true,"href":"https:\/\/campingsingirona.com\/ca\/wp-json\/wp\/v2\/media\/15759"}],"wp:attachment":[{"href":"https:\/\/campingsingirona.com\/ca\/wp-json\/wp\/v2\/media?parent=12261"}],"curies":[{"name":"wp","href":"https:\/\/api.w.org\/{rel}","templated":true}]}}