{"id":12258,"date":"2021-02-18T14:40:34","date_gmt":"2021-02-18T14:40:34","guid":{"rendered":"https:\/\/campingsingirona.com\/?page_id=12258"},"modified":"2021-04-17T18:13:45","modified_gmt":"2021-04-17T18:13:45","slug":"zones-relax","status":"publish","type":"page","link":"https:\/\/campingsingirona.com\/ca\/punts-interes\/zones-relax\/","title":{"rendered":"Zones de relax"},"content":{"rendered":"\n<p class=\"has-text-align-center\">Sssst! Gaudeix del silenci, la pau i l&#8217;oasi de tranquil\u00b7litat que envolta la Costa Brava i els Pirineus, una destinaci\u00f3 ideal per fer una pausa de la rutina di\u00e0ria i retrobar-se amb un mateix. A les comarques de Girona trobar\u00e0s centres de Spa, classes de ioga i ayurveda a la platja, retirs, tallers d&#8217;alimentaci\u00f3 conscient i molt m\u00e9s. T&#8217;ho perdr\u00e0s?<\/p>\n","protected":false},"excerpt":{"rendered":"<p>Sssst! Gaudeix del silenci, la pau i l&#8217;oasi de tranquil\u00b7litat que envolta la Costa Brava i els Pirineus, una destinaci\u00f3 ideal per fer una pausa de la rutina di\u00e0ria i retrobar-se amb un mateix. A les comarques de Girona trobar\u00e0s centres de Spa, classes de ioga i ayurveda a la platja, retirs, tallers d&#8217;alimentaci\u00f3 conscient [&hellip;]<\/p>\n","protected":false},"author":1,"featured_media":15745,"parent":12195,"menu_order":0,"comment_status":"closed","ping_status":"closed","template":"template-tipo-destino.php","meta":{"_acf_changed":false,"footnotes":""},"class_list":["post-12258","page","type-page","status-publish","has-post-thumbnail","hentry"],"acf":[],"_links":{"self":[{"href":"https:\/\/campingsingirona.com\/ca\/wp-json\/wp\/v2\/pages\/12258","targetHints":{"allow":["GET"]}}],"collection":[{"href":"https:\/\/campingsingirona.com\/ca\/wp-json\/wp\/v2\/pages"}],"about":[{"href":"https:\/\/campingsingirona.com\/ca\/wp-json\/wp\/v2\/types\/page"}],"author":[{"embeddable":true,"href":"https:\/\/campingsingirona.com\/ca\/wp-json\/wp\/v2\/users\/1"}],"replies":[{"embeddable":true,"href":"https:\/\/campingsingirona.com\/ca\/wp-json\/wp\/v2\/comments?post=12258"}],"version-history":[{"count":5,"href":"https:\/\/campingsingirona.com\/ca\/wp-json\/wp\/v2\/pages\/12258\/revisions"}],"predecessor-version":[{"id":16636,"href":"https:\/\/campingsingirona.com\/ca\/wp-json\/wp\/v2\/pages\/12258\/revisions\/16636"}],"up":[{"embeddable":true,"href":"https:\/\/campingsingirona.com\/ca\/wp-json\/wp\/v2\/pages\/12195"}],"wp:featuredmedia":[{"embeddable":true,"href":"https:\/\/campingsingirona.com\/ca\/wp-json\/wp\/v2\/media\/15745"}],"wp:attachment":[{"href":"https:\/\/campingsingirona.com\/ca\/wp-json\/wp\/v2\/media?parent=12258"}],"curies":[{"name":"wp","href":"https:\/\/api.w.org\/{rel}","templated":true}]}}