{"id":12252,"date":"2021-02-18T14:39:35","date_gmt":"2021-02-18T14:39:35","guid":{"rendered":"https:\/\/campingsingirona.com\/?page_id=12252"},"modified":"2021-04-30T11:42:15","modified_gmt":"2021-04-30T11:42:15","slug":"enogastronomia","status":"publish","type":"page","link":"https:\/\/campingsingirona.com\/ca\/punts-interes\/enogastronomia\/","title":{"rendered":"Enogastronomia"},"content":{"rendered":"\n<p>Vine a descobrir la cultura gastron\u00f2mica i enotur\u00edstica de la Costa Brava i els Pirineus. De gran reclam internacional per la seva caracter\u00edstica cuina que combina tradici\u00f3 i modernitat amb producte de proximitat, barrejant sabors de la mar i la muntanya.<\/p>\n","protected":false},"excerpt":{"rendered":"<p>Vine a descobrir la cultura gastron\u00f2mica i enotur\u00edstica de la Costa Brava i els Pirineus. De gran reclam internacional per la seva caracter\u00edstica cuina que combina tradici\u00f3 i modernitat amb producte de proximitat, barrejant sabors de la mar i la muntanya.<\/p>\n","protected":false},"author":1,"featured_media":15718,"parent":12195,"menu_order":0,"comment_status":"closed","ping_status":"closed","template":"template-tipo-destino.php","meta":{"_acf_changed":false,"footnotes":""},"class_list":["post-12252","page","type-page","status-publish","has-post-thumbnail","hentry"],"acf":[],"_links":{"self":[{"href":"https:\/\/campingsingirona.com\/ca\/wp-json\/wp\/v2\/pages\/12252","targetHints":{"allow":["GET"]}}],"collection":[{"href":"https:\/\/campingsingirona.com\/ca\/wp-json\/wp\/v2\/pages"}],"about":[{"href":"https:\/\/campingsingirona.com\/ca\/wp-json\/wp\/v2\/types\/page"}],"author":[{"embeddable":true,"href":"https:\/\/campingsingirona.com\/ca\/wp-json\/wp\/v2\/users\/1"}],"replies":[{"embeddable":true,"href":"https:\/\/campingsingirona.com\/ca\/wp-json\/wp\/v2\/comments?post=12252"}],"version-history":[{"count":5,"href":"https:\/\/campingsingirona.com\/ca\/wp-json\/wp\/v2\/pages\/12252\/revisions"}],"predecessor-version":[{"id":17596,"href":"https:\/\/campingsingirona.com\/ca\/wp-json\/wp\/v2\/pages\/12252\/revisions\/17596"}],"up":[{"embeddable":true,"href":"https:\/\/campingsingirona.com\/ca\/wp-json\/wp\/v2\/pages\/12195"}],"wp:featuredmedia":[{"embeddable":true,"href":"https:\/\/campingsingirona.com\/ca\/wp-json\/wp\/v2\/media\/15718"}],"wp:attachment":[{"href":"https:\/\/campingsingirona.com\/ca\/wp-json\/wp\/v2\/media?parent=12252"}],"curies":[{"name":"wp","href":"https:\/\/api.w.org\/{rel}","templated":true}]}}