{"id":12148,"date":"2021-02-17T22:05:23","date_gmt":"2021-02-17T22:05:23","guid":{"rendered":"https:\/\/campingsingirona.com\/?page_id=12148"},"modified":"2021-04-17T09:20:44","modified_gmt":"2021-04-17T09:20:44","slug":"politica-de-cookies","status":"publish","type":"page","link":"https:\/\/campingsingirona.com\/ca\/politica-de-cookies\/","title":{"rendered":"Pol\u00edtica de cookies"},"content":{"rendered":"\n<h3 class=\"wp-block-heading\"><strong>DEFINICI\u00d3 I FUNCI\u00d3 DE LES COOKIES<\/strong><\/h3>\n\n\n\n<p>Una Cookie \u00e9s un fitxer que es descarrega al seu ordinador a l\u2019accedir a determinades p\u00e0gines. Les cookies permeten a una p\u00e0gina web, entre d\u2019altres coses, emmagatzemar i recuperar informaci\u00f3 sobre els h\u00e0bits de navegaci\u00f3 d\u2019un usuari o del seu equip i, depenent de la informaci\u00f3 que contingui i de la forma en que utilitzi l\u2019equip, poden utilitzar-se per recon\u00e8ixer a l\u2019usuari.<\/p>\n\n\n\n<p>Les cookies s\u00f3n essencials pel funcionament d\u2019internet, aportant innumerables avantatges en la prestaci\u00f3 de serveis interactius, facilitant-li la navegaci\u00f3 i usabilitat de la nostra web.<\/p>\n\n\n\n<h3 class=\"wp-block-heading\"><strong>QUIN TIPUS DE COOKIES UTILITZA AQUESTA P\u00c0GINA WEB<\/strong><\/h3>\n\n\n\n<p>Segons el que disposa l\u2019article 22.2 de la Llei 34\/2002, de l\u201911 de juliol, de Serveis de la Societat de la Informaci\u00f3 i de Comer\u00e7 Electr\u00f2nic (LSSI-CE), l\u2019ASSOCIACI\u00d3 DE C\u00c0MPINGS DE GIRONA informa de les cookies utilitzades a la nostra p\u00e0gina web:<\/p>\n\n\n\n<p>Les cookies pr\u00f2pies de tercers prestadors de serveis s\u00f3n les seg\u00fcents:&nbsp;Les cookies de tercers s\u00f3n aquelles que s\u2019envien a l\u2019equip terminal de l\u2019usuari des d\u2019un equip o domini que no \u00e9s gestionat per l\u2019editor, sin\u00f3 per una altra entitat que treballa les dades obtingudes a trav\u00e9s de les cookies.<\/p>\n\n\n\n<h3 class=\"wp-block-heading\"><strong>Google Maps<\/strong><\/h3>\n\n\n\n<p>Dos cookies (PREF i NID) persistents establertes per aplicacions de Google Maps i gestionades per Google.<br>Per a m\u00e9s detalls es pot consultar en el seg\u00fcent enlla\u00e7 la pol\u00edtica de privacitat de Google: <a href=\"http:\/\/www.google.com\/intl\/es\/policies\/privacy\/\" target=\"_blank\" rel=\"noopener\">http:\/\/www.google.com\/intl\/es\/policies\/privacy\/<\/a><\/p>\n\n\n\n<h3 class=\"wp-block-heading\"><strong>Google Analytics<\/strong><\/h3>\n\n\n\n<p>Per realitzar les estad\u00edstiques d\u2019\u00fas del lloc web s\u2019utilitzen les cookies de Google Analytics. L\u2019objectiu \u00e9s con\u00e8ixer el nivell de recurr\u00e8ncia dels visitants i els continguts que resulten m\u00e9s interessants, aix\u00ed es poden concentrar els esfor\u00e7os a millorar les \u00e0rees m\u00e9s visitades i fer que l\u2019usuari trobi m\u00e9s f\u00e0cilment el que busca.<\/p>\n\n\n\n<p>El lloc web pot utilitzar informaci\u00f3 de la visita de l\u2019usuari per realitzar avaluacions i c\u00e0lculs estad\u00edstics sobre dades an\u00f2nimes, aix\u00ed com garantir la continu\u00eftat del servei o realitzar millores en els seus llocs web.<br>Per a m\u00e9s detalls es pot consultar en el seg\u00fcent enlla\u00e7 la pol\u00edtica de privacitat de Google: <a href=\"http:\/\/www.google.com\/intl\/es\/policies\/privacy\/\" target=\"_blank\" rel=\"noreferrer noopener\">http:\/\/www.google.com\/intl\/es\/policies\/privacy\/<\/a><\/p>\n\n\n\n<h3 class=\"wp-block-heading\"><strong>Cookies publicit\u00e0ries (complement de Google Analytics)<\/strong><\/h3>\n\n\n\n<p>Les cookies publicit\u00e0ries permeten la gesti\u00f3 dels espais publicitaris d\u2019acord amb criteris concrets, com pot ser la freq\u00fc\u00e8ncia d\u2019acc\u00e9s, el contingut editat, etc.<\/p>\n\n\n\n<p>Les cookies publicit\u00e0ries permeten, a trav\u00e9s de la gesti\u00f3 de la publicitat, emmagatzemar informaci\u00f3 del comportament a trav\u00e9s de l\u2019observaci\u00f3 d\u2019h\u00e0bits, estudiant els accessos i formant un perfil de prefer\u00e8ncies de l\u2019usuari, per oferir-li publicitat relacionada amb els interessos del seu perfil.<\/p>\n\n\n\n<p>L\u2019informem que el per\u00edode de retenci\u00f3 de les dades recollides per a una mateixa cookie \u00e9s de 50 mesos posteriors a la seva \u00faltima activitat.<\/p>\n\n\n\n<p>Per a m\u00e9s detalls es pot consultar en el seg\u00fcents enlla\u00e7os de Google: <a href=\"https:\/\/support.google.com\/analytics\/answer\/2700409?hl=ca&amp;utm_id=ad\" target=\"_blank\" rel=\"noopener\">https:\/\/support.google.com\/analytics\/answer\/2700409?hl=ca&amp;utm_id=ad<\/a> i&nbsp;&nbsp;<a href=\"https:\/\/support.google.com\/analytics\/answer\/3450482?hl=ca&amp;utm_id=ad\" target=\"_blank\" rel=\"noopener\">https:\/\/support.google.com\/analytics\/answer\/3450482?hl=ca&amp;utm_id=ad<\/a><\/p>\n\n\n\n<h3 class=\"wp-block-heading\"><strong>Revocaci\u00f3 i eliminaci\u00f3 de cookies<\/strong><\/h3>\n\n\n\n<p>L\u2019ASSOCIACI\u00d3 DE C\u00c0MPINGS DE GIRONA tamb\u00e9 informa a l\u2019usuari de que te la possibilitat de configurar el seu navegador de forma que se l\u2019informi de la recepci\u00f3 de cookies, podent, si aix\u00ed ho desitja, impedir que siguin instal\u00b7lades en el seu disc dur.<\/p>\n\n\n\n<p>Vost\u00e8 pot permetre, bloquejar o eliminar les cookies instal\u2022lades en el seu equip mitjan\u00e7ant la configuraci\u00f3 de les opcions del navegador. En cas que no permeti la instal\u2022laci\u00f3 de cookies \u00e9s possible que no pugui accedir a alguna de les seccions de la p\u00e0gina web.<\/p>\n\n\n\n<p>A continuaci\u00f3 li proporcionem els enlla\u00e7os de diversos navegadors, a trav\u00e9s dels quals podr\u00e0 realitzar aquesta configuraci\u00f3:<\/p>\n\n\n\n<ul class=\"wp-block-list\"><li><strong>Firefox <\/strong>des de aqu\u00ed: http:\/\/support.mozilla.org\/es\/kb\/habilitar-y-deshabilitar-cookies-que-los-sitios-we<\/li><li><strong>Chrome <\/strong>des de aqu\u00ed: http:\/\/support.google.com\/chrome\/bin\/answer.py?hl=es&amp;answer=95647<\/li><li><strong>Explorer <\/strong>des de aqu\u00ed: http:\/\/windows.microsoft.com\/es-es\/internet-explorer\/delete-manage-cookies#ie=ie-10<\/li><li><strong>Safari <\/strong>des de aqu\u00ed: https:\/\/support.apple.com\/kb\/ph17191?locale=es_ES<\/li><li><strong>Opera <\/strong>des de aqu\u00ed: http:\/\/help.opera.com\/Windows\/11.50\/es-ES\/cookies.html<\/li><\/ul>\n\n\n\n<h3 class=\"wp-block-heading\"><strong>M\u00c9S INFORMACI\u00d3 SOBRE LES COOKIES I LA SEVA POL\u00cdTICA<\/strong><\/h3>\n\n\n\n<p>Pot ampliar la informaci\u00f3 en els seg\u00fcents enlla\u00e7os:<br><a href=\"http:\/\/en.wikipedia.org\/wiki\/HTTP_cookie\" target=\"_blank\" rel=\"noreferrer noopener\">http:\/\/en.wikipedia.org\/wiki\/HTTP_cookie<\/a><br><a href=\"http:\/\/www.agpd.es\/portalwebAGPD\/canaldocumentacion\/publicaciones\/common\/Guias\/Guia_Cookies.pdf\" target=\"_blank\" rel=\"noreferrer noopener\">http:\/\/www.agpd.es\/portalwebAGPD\/canaldocumentacion\/publicaciones\/common\/Guias\/Guia_Cookies.pdf<\/a><\/p>\n","protected":false},"excerpt":{"rendered":"<p>DEFINICI\u00d3 I FUNCI\u00d3 DE LES COOKIES Una Cookie \u00e9s un fitxer que es descarrega al seu ordinador a l\u2019accedir a determinades p\u00e0gines. Les cookies permeten a una p\u00e0gina web, entre d\u2019altres coses, emmagatzemar i recuperar informaci\u00f3 sobre els h\u00e0bits de navegaci\u00f3 d\u2019un usuari o del seu equip i, depenent de la informaci\u00f3 que contingui i [&hellip;]<\/p>\n","protected":false},"author":1,"featured_media":0,"parent":0,"menu_order":0,"comment_status":"closed","ping_status":"closed","template":"template-texto.php","meta":{"_acf_changed":false,"footnotes":""},"class_list":["post-12148","page","type-page","status-publish","hentry"],"acf":[],"_links":{"self":[{"href":"https:\/\/campingsingirona.com\/ca\/wp-json\/wp\/v2\/pages\/12148","targetHints":{"allow":["GET"]}}],"collection":[{"href":"https:\/\/campingsingirona.com\/ca\/wp-json\/wp\/v2\/pages"}],"about":[{"href":"https:\/\/campingsingirona.com\/ca\/wp-json\/wp\/v2\/types\/page"}],"author":[{"embeddable":true,"href":"https:\/\/campingsingirona.com\/ca\/wp-json\/wp\/v2\/users\/1"}],"replies":[{"embeddable":true,"href":"https:\/\/campingsingirona.com\/ca\/wp-json\/wp\/v2\/comments?post=12148"}],"version-history":[{"count":3,"href":"https:\/\/campingsingirona.com\/ca\/wp-json\/wp\/v2\/pages\/12148\/revisions"}],"predecessor-version":[{"id":16582,"href":"https:\/\/campingsingirona.com\/ca\/wp-json\/wp\/v2\/pages\/12148\/revisions\/16582"}],"wp:attachment":[{"href":"https:\/\/campingsingirona.com\/ca\/wp-json\/wp\/v2\/media?parent=12148"}],"curies":[{"name":"wp","href":"https:\/\/api.w.org\/{rel}","templated":true}]}}