{"id":12009,"date":"2021-02-15T23:17:51","date_gmt":"2021-02-15T23:17:51","guid":{"rendered":"https:\/\/campingsingirona.com\/?page_id=12009"},"modified":"2023-05-29T12:24:07","modified_gmt":"2023-05-29T12:24:07","slug":"pet-friendly","status":"publish","type":"page","link":"https:\/\/campingsingirona.com\/ca\/experiencies\/pet-friendly\/","title":{"rendered":"Pet Friendly"},"content":{"rendered":"\n<h2 class=\"wp-block-heading\"><strong>Una experi\u00e8ncia inolvidable<\/strong><\/h2>\n\n\n\n<p>A part de serveis exclusius per a les nostres mascotes com s\u00f3n les dutxes, casetes, entre d&#8217;altres; els c\u00e0mpings Pet friendly t&#8217;obsequiaran amb inoblidables experi\u00e8ncies al costat del teu col\u00b7lega de quatre potes. Podr\u00e0s trobar des de cartes restaurant per a la teva mascota, a entorns id\u00edl\u00b7lics per sortir a passejar o fer excursions envoltades de natura pel bosc, a prop de la mar i platges per a gossos com la Platja de la Rubina, Platja del Mol\u00ed o la Platja de Sant Jordi a Llan\u00e7\u00e0.<\/p>\n\n\n\n<h2 class=\"wp-block-heading\"><strong>C\u00e0mpings a la Costa Brava que admeten gossos<\/strong><\/h2>\n\n\n\n<p>Si est\u00e0s buscant un c\u00e0mping Pet friendly per passar unes vacances gaudint de la companyia del teu fidel company, has de donar un cop d&#8217;ull als c\u00e0mpings Pet Friendly de la Costa Brava i els Pirineus que admeten gossos.<\/p>\n","protected":false},"excerpt":{"rendered":"<p>Una experi\u00e8ncia inolvidable A part de serveis exclusius per a les nostres mascotes com s\u00f3n les dutxes, casetes, entre d&#8217;altres; els c\u00e0mpings Pet friendly t&#8217;obsequiaran amb inoblidables experi\u00e8ncies al costat del teu col\u00b7lega de quatre potes. Podr\u00e0s trobar des de cartes restaurant per a la teva mascota, a entorns id\u00edl\u00b7lics per sortir a passejar o [&hellip;]<\/p>\n","protected":false},"author":1,"featured_media":15814,"parent":11900,"menu_order":0,"comment_status":"closed","ping_status":"closed","template":"template-experiencia.php","meta":{"_acf_changed":false,"footnotes":""},"class_list":["post-12009","page","type-page","status-publish","has-post-thumbnail","hentry"],"acf":[],"_links":{"self":[{"href":"https:\/\/campingsingirona.com\/ca\/wp-json\/wp\/v2\/pages\/12009","targetHints":{"allow":["GET"]}}],"collection":[{"href":"https:\/\/campingsingirona.com\/ca\/wp-json\/wp\/v2\/pages"}],"about":[{"href":"https:\/\/campingsingirona.com\/ca\/wp-json\/wp\/v2\/types\/page"}],"author":[{"embeddable":true,"href":"https:\/\/campingsingirona.com\/ca\/wp-json\/wp\/v2\/users\/1"}],"replies":[{"embeddable":true,"href":"https:\/\/campingsingirona.com\/ca\/wp-json\/wp\/v2\/comments?post=12009"}],"version-history":[{"count":5,"href":"https:\/\/campingsingirona.com\/ca\/wp-json\/wp\/v2\/pages\/12009\/revisions"}],"predecessor-version":[{"id":99676,"href":"https:\/\/campingsingirona.com\/ca\/wp-json\/wp\/v2\/pages\/12009\/revisions\/99676"}],"up":[{"embeddable":true,"href":"https:\/\/campingsingirona.com\/ca\/wp-json\/wp\/v2\/pages\/11900"}],"wp:featuredmedia":[{"embeddable":true,"href":"https:\/\/campingsingirona.com\/ca\/wp-json\/wp\/v2\/media\/15814"}],"wp:attachment":[{"href":"https:\/\/campingsingirona.com\/ca\/wp-json\/wp\/v2\/media?parent=12009"}],"curies":[{"name":"wp","href":"https:\/\/api.w.org\/{rel}","templated":true}]}}