{"id":11991,"date":"2021-02-15T23:15:04","date_gmt":"2021-02-15T23:15:04","guid":{"rendered":"https:\/\/campingsingirona.com\/?page_id=11991"},"modified":"2023-08-01T10:41:48","modified_gmt":"2023-08-01T10:41:48","slug":"family-friendly","status":"publish","type":"page","link":"https:\/\/campingsingirona.com\/ca\/experiencies\/family-friendly\/","title":{"rendered":"Kids &#038; Fun"},"content":{"rendered":"\n<h2 class=\"wp-block-heading\">Activitats per a totes les edats<\/h2>\n\n\n\n<p>Els C\u00e0mpings de Girona disposen d&#8217;una gran varietat de c\u00e0mpings amb certificaci\u00f3 Kids&amp;Fun, enfocant la seva oferta a les fam\u00edlies amb nens de totes les edats. En total podr\u00e0s trobar 35 c\u00e0mpings familiars repartits per la Costa Brava i els Pirineus. Aquests es caracteritzen per oferir un tracte especial a les fam\u00edlies, infraestructures adaptades i milers d&#8217;activitats destinades a totes les edats; aix\u00ed com un entorn natural apte per al gaudi en fam\u00edlia.<\/p>\n\n\n\n<p>Tant si trieu un dest\u00ed de mar o una de muntanya, podreu gaudir d&#8217;unes fant\u00e0stiques vacances en fam\u00edlia, envoltats de natura i aire lliure. Els serveis i activitats que ofereixen els c\u00e0mpings Kids&amp;Fun s\u00f3n molt variats, per\u00f2 entre els m\u00e9s demandats destaquem: L&#8217;animaci\u00f3 infantil, pistes de futbol i b\u00e0squet, piscines i parcs aqu\u00e0tics, restaurants amb men\u00fa infantil, llar d&#8217;infants, festes per a adults i nens, entre moltes altres activitats que es combinen entre el goig en fam\u00edlia i la llibertat de cada membre de la familia.<\/p>\n\n\n\n<p>A m\u00e9s, els c\u00e0mpings Kids&amp;Fun s\u00f3n un lloc m\u00e0gic per als nens i nenes de totes les edats, perqu\u00e8 podr\u00e0n fer amics de diferents nacionalitats, coneixeran altres cultures i podran desenvolupar les seves habilitats socials en un entorn segur i sa. Les activitats dirigides pels animadors dels c\u00e0mpings faran que els m\u00e9s petits no vulguin marxar mai del c\u00e0mping i l&#8217;any que v\u00e9, voldran repetir per tornar a gaudir amb els amics i amigues.<\/p>\n\n\n\n<h2 class=\"wp-block-heading\">C\u00e0mpings amb nens a Girona<\/h2>\n\n\n\n<p>Cal destacar que molts dels c\u00e0mpings Kids&amp;Fun estan ubicats en municipis certificats amb el Segell de Turisme Familiar, que atorguen una identificaci\u00f3 a tots aquells municipis que estan especialitzats en el tracte cap a les fam\u00edlies, posant facilitats al turisme familiar. Les destinacions de Turisme Familiar de la Costa Brava i els Pirineus s\u00f3n: Blanes, Lloret de Mar, Torroella de Montgr\u00ed, Calonge-Sant Antoni, Roses, Castell &#8211; Platja d&#8217;Aro, Sant Feliu de Gu\u00edxols, Sant Pere Pescador i la Vall d&#8217;en Bas &#8211; les Preses. En alguns d&#8217;aquests pobles tamb\u00e9 trobar\u00e0s <a href=\"https:\/\/campingsingirona.com\/inspirat\/es\/7-platges-per-gaudir-en-familia\/\">platges ideals per gaudir en fam\u00edlia.<\/a><\/p>\n","protected":false},"excerpt":{"rendered":"<p>Activitats per a totes les edats Els C\u00e0mpings de Girona disposen d&#8217;una gran varietat de c\u00e0mpings amb certificaci\u00f3 Kids&amp;Fun, enfocant la seva oferta a les fam\u00edlies amb nens de totes les edats. En total podr\u00e0s trobar 35 c\u00e0mpings familiars repartits per la Costa Brava i els Pirineus. Aquests es caracteritzen per oferir un tracte especial [&hellip;]<\/p>\n","protected":false},"author":1,"featured_media":16134,"parent":11900,"menu_order":0,"comment_status":"closed","ping_status":"closed","template":"template-experiencia.php","meta":{"_acf_changed":false,"footnotes":""},"class_list":["post-11991","page","type-page","status-publish","has-post-thumbnail","hentry"],"acf":[],"_links":{"self":[{"href":"https:\/\/campingsingirona.com\/ca\/wp-json\/wp\/v2\/pages\/11991","targetHints":{"allow":["GET"]}}],"collection":[{"href":"https:\/\/campingsingirona.com\/ca\/wp-json\/wp\/v2\/pages"}],"about":[{"href":"https:\/\/campingsingirona.com\/ca\/wp-json\/wp\/v2\/types\/page"}],"author":[{"embeddable":true,"href":"https:\/\/campingsingirona.com\/ca\/wp-json\/wp\/v2\/users\/1"}],"replies":[{"embeddable":true,"href":"https:\/\/campingsingirona.com\/ca\/wp-json\/wp\/v2\/comments?post=11991"}],"version-history":[{"count":5,"href":"https:\/\/campingsingirona.com\/ca\/wp-json\/wp\/v2\/pages\/11991\/revisions"}],"predecessor-version":[{"id":103632,"href":"https:\/\/campingsingirona.com\/ca\/wp-json\/wp\/v2\/pages\/11991\/revisions\/103632"}],"up":[{"embeddable":true,"href":"https:\/\/campingsingirona.com\/ca\/wp-json\/wp\/v2\/pages\/11900"}],"wp:featuredmedia":[{"embeddable":true,"href":"https:\/\/campingsingirona.com\/ca\/wp-json\/wp\/v2\/media\/16134"}],"wp:attachment":[{"href":"https:\/\/campingsingirona.com\/ca\/wp-json\/wp\/v2\/media?parent=11991"}],"curies":[{"name":"wp","href":"https:\/\/api.w.org\/{rel}","templated":true}]}}