{"id":117481,"date":"2024-12-19T11:26:58","date_gmt":"2024-12-19T11:26:58","guid":{"rendered":"https:\/\/campingsingirona.com\/?page_id=117481"},"modified":"2024-12-19T15:07:57","modified_gmt":"2024-12-19T15:07:57","slug":"pure-campings","status":"publish","type":"page","link":"https:\/\/campingsingirona.com\/ca\/experiencies\/pure-campings\/","title":{"rendered":"Pure Camping"},"content":{"rendered":"\n<h2 class=\"wp-block-heading\">El tradicional, l\u2019aut\u00e8ntic plaer de l\u2019acampada<\/h2>\n\n\n\n<p>Aquests c\u00e0mpings preserven amb dedicaci\u00f3 el m\u00e9s tradicional de l&#8217;acampada, donant prioritat especial a les parcel\u00b7les i a tots els serveis necessaris perqu\u00e8 els campistes gaudeixin d&#8217;una estada c\u00f2moda i aut\u00e8ntica.&nbsp;Amb una capacitat limitada per assegurar la intimitat i la tranquil\u00b7litat, els c\u00e0mpings&nbsp;Pure&nbsp;s&#8217;alineen amb els valors de&nbsp;l&#8217;slow&nbsp;tourism, preservant l&#8217;ess\u00e8ncia de l&#8217;aut\u00e8ntica acampada. Aqu\u00ed, cada detall es cuida per fomentar una experi\u00e8ncia relaxada i sense presses: zones de descans amb sof\u00e0s exteriors i espais de lectura conviden a aturar-se i gaudir de cada moment.&nbsp;&nbsp;<\/p>\n\n\n\n<p>A m\u00e9s, el segell&nbsp;Pure&nbsp;Camping&nbsp;aposta per una gastronomia local, saludable i sostenible, que permet assaborir els sabors de la terra amb calma i autenticitat.&nbsp;&nbsp;<\/p>\n","protected":false},"excerpt":{"rendered":"<p>El tradicional, l\u2019aut\u00e8ntic plaer de l\u2019acampada Aquests c\u00e0mpings preserven amb dedicaci\u00f3 el m\u00e9s tradicional de l&#8217;acampada, donant prioritat especial a les parcel\u00b7les i a tots els serveis necessaris perqu\u00e8 els campistes gaudeixin d&#8217;una estada c\u00f2moda i aut\u00e8ntica.&nbsp;Amb una capacitat limitada per assegurar la intimitat i la tranquil\u00b7litat, els c\u00e0mpings&nbsp;Pure&nbsp;s&#8217;alineen amb els valors de&nbsp;l&#8217;slow&nbsp;tourism, preservant l&#8217;ess\u00e8ncia [&hellip;]<\/p>\n","protected":false},"author":1,"featured_media":117803,"parent":11900,"menu_order":0,"comment_status":"closed","ping_status":"closed","template":"template-experiencia.php","meta":{"_acf_changed":false,"footnotes":""},"class_list":["post-117481","page","type-page","status-publish","has-post-thumbnail","hentry"],"acf":[],"_links":{"self":[{"href":"https:\/\/campingsingirona.com\/ca\/wp-json\/wp\/v2\/pages\/117481","targetHints":{"allow":["GET"]}}],"collection":[{"href":"https:\/\/campingsingirona.com\/ca\/wp-json\/wp\/v2\/pages"}],"about":[{"href":"https:\/\/campingsingirona.com\/ca\/wp-json\/wp\/v2\/types\/page"}],"author":[{"embeddable":true,"href":"https:\/\/campingsingirona.com\/ca\/wp-json\/wp\/v2\/users\/1"}],"replies":[{"embeddable":true,"href":"https:\/\/campingsingirona.com\/ca\/wp-json\/wp\/v2\/comments?post=117481"}],"version-history":[{"count":5,"href":"https:\/\/campingsingirona.com\/ca\/wp-json\/wp\/v2\/pages\/117481\/revisions"}],"predecessor-version":[{"id":119774,"href":"https:\/\/campingsingirona.com\/ca\/wp-json\/wp\/v2\/pages\/117481\/revisions\/119774"}],"up":[{"embeddable":true,"href":"https:\/\/campingsingirona.com\/ca\/wp-json\/wp\/v2\/pages\/11900"}],"wp:featuredmedia":[{"embeddable":true,"href":"https:\/\/campingsingirona.com\/ca\/wp-json\/wp\/v2\/media\/117803"}],"wp:attachment":[{"href":"https:\/\/campingsingirona.com\/ca\/wp-json\/wp\/v2\/media?parent=117481"}],"curies":[{"name":"wp","href":"https:\/\/api.w.org\/{rel}","templated":true}]}}