{"id":103760,"date":"2023-08-03T10:50:26","date_gmt":"2023-08-03T10:50:26","guid":{"rendered":"https:\/\/campingsingirona.com\/?page_id=103760"},"modified":"2023-08-03T10:50:58","modified_gmt":"2023-08-03T10:50:58","slug":"green-life","status":"publish","type":"page","link":"https:\/\/campingsingirona.com\/ca\/experiencies\/green-life\/","title":{"rendered":"Green Life"},"content":{"rendered":"\n<h2 class=\"wp-block-heading\">Un impacte directe sobre l\u2019entorn natural<\/h2>\n\n\n\n<p>En els c\u00e0mpings de la Costa Brava i Pirineu de Girona es segueix treballant perqu\u00e8 cada vegada siguin m\u00e9s els c\u00e0mpings conscienciats amb el medi ambient i el nombre augmenti.<\/p>\n\n\n\n<p>Per considerar-se c\u00e0mpings Green Life ens fixem en l&#8217;\u00fas eficient dels recursos naturals com l&#8217;aigua i l&#8217;energia. Molts c\u00e0mpings estan implementant tecnologies per captar i utilitzar aigua de pluja, aix\u00ed com fonts d&#8217;energia renovables per abastir les seves instal\u00b7lacions.<\/p>\n\n\n\n<p>A m\u00e9s de les pr\u00e0ctiques internes, els c\u00e0mpings estan fomentant la conscienciaci\u00f3 del medi ambient entre els seus visitants. Es duen a terme campanyes educatives i programes d&#8217;informaci\u00f3 per a destacar la import\u00e0ncia de respectar la natura i fomentar el turisme responsable, i s\u2019anima els usuaris a practicar el reciclatge i fer un \u00fas responsable dels recursos. A m\u00e9s, es promouen activitats d&#8217;observaci\u00f3 de la flora i la fauna aut\u00f2ctones i el foment de l\u2019\u00fas de bicicletes, motos o cotxes el\u00e8ctriques per a enfortir el vincle entre els turistes i la natura local.<\/p>\n\n\n\n<p>Els c\u00e0mpings de la Costa Brava tenen un paper important en la preservaci\u00f3 del medi ambient i la promoci\u00f3 de la sostenibilitat i estan treballant per garantir que aquest territori segueixi sent un dest\u00ed tur\u00edstic atractiu per a les generacions futures.<\/p>\n\n\n\n<p>Si estimes tant el medi ambient com nosaltres i vols passar unes vacances responsables, busca el teu c\u00e0mping de Girona amb el segell Green Life!<\/p>\n","protected":false},"excerpt":{"rendered":"<p>Un impacte directe sobre l\u2019entorn natural En els c\u00e0mpings de la Costa Brava i Pirineu de Girona es segueix treballant perqu\u00e8 cada vegada siguin m\u00e9s els c\u00e0mpings conscienciats amb el medi ambient i el nombre augmenti. Per considerar-se c\u00e0mpings Green Life ens fixem en l&#8217;\u00fas eficient dels recursos naturals com l&#8217;aigua i l&#8217;energia. Molts c\u00e0mpings [&hellip;]<\/p>\n","protected":false},"author":1,"featured_media":103761,"parent":11900,"menu_order":0,"comment_status":"closed","ping_status":"closed","template":"template-experiencia.php","meta":{"_acf_changed":false,"footnotes":""},"class_list":["post-103760","page","type-page","status-publish","has-post-thumbnail","hentry"],"acf":[],"_links":{"self":[{"href":"https:\/\/campingsingirona.com\/ca\/wp-json\/wp\/v2\/pages\/103760","targetHints":{"allow":["GET"]}}],"collection":[{"href":"https:\/\/campingsingirona.com\/ca\/wp-json\/wp\/v2\/pages"}],"about":[{"href":"https:\/\/campingsingirona.com\/ca\/wp-json\/wp\/v2\/types\/page"}],"author":[{"embeddable":true,"href":"https:\/\/campingsingirona.com\/ca\/wp-json\/wp\/v2\/users\/1"}],"replies":[{"embeddable":true,"href":"https:\/\/campingsingirona.com\/ca\/wp-json\/wp\/v2\/comments?post=103760"}],"version-history":[{"count":5,"href":"https:\/\/campingsingirona.com\/ca\/wp-json\/wp\/v2\/pages\/103760\/revisions"}],"predecessor-version":[{"id":117452,"href":"https:\/\/campingsingirona.com\/ca\/wp-json\/wp\/v2\/pages\/103760\/revisions\/117452"}],"up":[{"embeddable":true,"href":"https:\/\/campingsingirona.com\/ca\/wp-json\/wp\/v2\/pages\/11900"}],"wp:featuredmedia":[{"embeddable":true,"href":"https:\/\/campingsingirona.com\/ca\/wp-json\/wp\/v2\/media\/103761"}],"wp:attachment":[{"href":"https:\/\/campingsingirona.com\/ca\/wp-json\/wp\/v2\/media?parent=103760"}],"curies":[{"name":"wp","href":"https:\/\/api.w.org\/{rel}","templated":true}]}}